{"id":356,"date":"2023-04-14T12:50:20","date_gmt":"2023-04-14T10:50:20","guid":{"rendered":"https:\/\/ultraway.qa.evostudio.pl\/?page_id=356"},"modified":"2023-05-04T11:59:56","modified_gmt":"2023-05-04T09:59:56","slug":"trenowanie","status":"publish","type":"page","link":"https:\/\/ultraway.qa.evostudio.pl\/en\/trenowanie\/","title":{"rendered":"Trenowanie"},"content":{"rendered":"<div data-elementor-type=\"wp-page\" data-elementor-id=\"356\" class=\"elementor elementor-356\">\n\t\t\t\t\t\t\t<div class=\"elementor-element elementor-element-9f5ced8 e-con-boxed e-con\" data-id=\"9f5ced8\" data-element_type=\"container\" data-settings=\"{&quot;background_background&quot;:&quot;classic&quot;,&quot;content_width&quot;:&quot;boxed&quot;}\">\n\t\t\t\t\t<div class=\"e-con-inner\">\n\t\t\t\t<div class=\"elementor-element elementor-element-cb9d5cd elementor-widget elementor-widget-heading\" data-id=\"cb9d5cd\" data-element_type=\"widget\" data-widget_type=\"heading.default\">\n\t\t\t\t<div class=\"elementor-widget-container\">\n\t\t\t<style>\/*! elementor - v3.12.1 - 02-04-2023 *\/\n.elementor-heading-title{padding:0;margin:0;line-height:1}.elementor-widget-heading .elementor-heading-title[class*=elementor-size-]>a{color:inherit;font-size:inherit;line-height:inherit}.elementor-widget-heading .elementor-heading-title.elementor-size-small{font-size:15px}.elementor-widget-heading .elementor-heading-title.elementor-size-medium{font-size:19px}.elementor-widget-heading .elementor-heading-title.elementor-size-large{font-size:29px}.elementor-widget-heading .elementor-heading-title.elementor-size-xl{font-size:39px}.elementor-widget-heading .elementor-heading-title.elementor-size-xxl{font-size:59px}<\/style><h1 class=\"elementor-heading-title elementor-size-default\">Trenowanie<\/h1>\t\t<\/div>\n\t\t\t\t<\/div>\n\t\t\t\t\t<\/div>\n\t\t\t\t<\/div>\n\t\t<div class=\"elementor-element elementor-element-5f9247e e-con-boxed e-con\" data-id=\"5f9247e\" data-element_type=\"container\" data-settings=\"{&quot;background_background&quot;:&quot;classic&quot;,&quot;content_width&quot;:&quot;boxed&quot;}\">\n\t\t\t\t\t<div class=\"e-con-inner\">\n\t\t\t\t<div class=\"elementor-element elementor-element-8ab7397 elementor-widget elementor-widget-heading\" data-id=\"8ab7397\" data-element_type=\"widget\" data-widget_type=\"heading.default\">\n\t\t\t\t<div class=\"elementor-widget-container\">\n\t\t\t<h2 class=\"elementor-heading-title elementor-size-default\">Profesjonalna opieka trenerska dla pocz\u0105tkuj\u0105cych biegaczy, jak i zaawansowanych. Indywidualne dopasowanie plan\u00f3w treningowych i obci\u0105\u017ce\u0144 do mo\u017cliwo\u015bci i cel\u00f3w biegowych.<\/h2>\t\t<\/div>\n\t\t\t\t<\/div>\n\t\t\t\t\t<\/div>\n\t\t\t\t<\/div>\n\t\t<div class=\"elementor-element elementor-element-7a2895d e-con-boxed e-con\" data-id=\"7a2895d\" data-element_type=\"container\" data-settings=\"{&quot;background_background&quot;:&quot;classic&quot;,&quot;content_width&quot;:&quot;boxed&quot;}\">\n\t\t\t\t\t<div class=\"e-con-inner\">\n\t\t<div class=\"elementor-element elementor-element-587e696 e-con-full e-con\" data-id=\"587e696\" data-element_type=\"container\" data-settings=\"{&quot;content_width&quot;:&quot;full&quot;}\">\n\t\t\t\t<div class=\"elementor-element elementor-element-f663291 elementor-widget elementor-widget-heading\" data-id=\"f663291\" data-element_type=\"widget\" data-widget_type=\"heading.default\">\n\t\t\t\t<div class=\"elementor-widget-container\">\n\t\t\t<p class=\"elementor-heading-title elementor-size-default\">trenowanie<\/p>\t\t<\/div>\n\t\t\t\t<\/div>\n\t\t\t\t<div class=\"elementor-element elementor-element-ac6c72d elementor-widget elementor-widget-text-editor\" data-id=\"ac6c72d\" data-element_type=\"widget\" data-widget_type=\"text-editor.default\">\n\t\t\t\t<div class=\"elementor-widget-container\">\n\t\t\t<style>\/*! elementor - v3.12.1 - 02-04-2023 *\/\n.elementor-widget-text-editor.elementor-drop-cap-view-stacked .elementor-drop-cap{background-color:#69727d;color:#fff}.elementor-widget-text-editor.elementor-drop-cap-view-framed .elementor-drop-cap{color:#69727d;border:3px solid;background-color:transparent}.elementor-widget-text-editor:not(.elementor-drop-cap-view-default) .elementor-drop-cap{margin-top:8px}.elementor-widget-text-editor:not(.elementor-drop-cap-view-default) .elementor-drop-cap-letter{width:1em;height:1em}.elementor-widget-text-editor .elementor-drop-cap{float:left;text-align:center;line-height:1;font-size:50px}.elementor-widget-text-editor .elementor-drop-cap-letter{display:inline-block}<\/style>\t\t\t\t<p>Szukasz TRENERA? Szukasz motywacji? Chcesz biega\u0107 bezpiecznie, a jednocze\u015bnie mie\u0107 progres w swoich wynikach? Mo\u017ce zaczynasz dopiero swoj\u0105 przygod\u0119 z aktywno\u015bci\u0105 fizyczn\u0105 i masz r\u00f3\u017cne ku temu powody. Mo\u017ce nale\u017cysz do os\u00f3b, kt\u00f3re maj\u0105 na swoim koncie ju\u017c sporo biegowych kilometr\u00f3w, a wyniki nie s\u0105 dla Ciebie satysfakcjonuj\u0105ce. Ja jestem osob\u0105, kt\u00f3rej szukasz\u2026<\/p>\t\t\t\t\t\t<\/div>\n\t\t\t\t<\/div>\n\t\t\t\t<div class=\"elementor-element elementor-element-139d23b elementor-widget elementor-widget-text-editor\" data-id=\"139d23b\" data-element_type=\"widget\" data-widget_type=\"text-editor.default\">\n\t\t\t\t<div class=\"elementor-widget-container\">\n\t\t\t\t\t\t\t<p>Jestem przede wszystkim TRENEREM BIEGOWYM oraz biegaczem ekstremalnym i startuj\u0119 wy\u0142\u0105cznie na najd\u0142u\u017cszych dystansach bieg\u00f3w ULTRA. Zwi\u0105zany ze sportem amatorskim i wyczynowym jestem od ponad 30 lat.<\/p>\t\t\t\t\t\t<\/div>\n\t\t\t\t<\/div>\n\t\t\t\t<div class=\"elementor-element elementor-element-103de82 elementor-widget elementor-widget-text-editor\" data-id=\"103de82\" data-element_type=\"widget\" data-widget_type=\"text-editor.default\">\n\t\t\t\t<div class=\"elementor-widget-container\">\n\t\t\t\t\t\t\t<p>Przygod\u0119 ze sportem zaczyna\u0142em od trenowania w WKS Flota Gdynia i kilkukrotnie by\u0142em mistrzem i V-ce mistrzem Polski w Biegach na Orientacj\u0119. Ostatnie lata to dla mnie przede wszystkim biegi trailowe i to te najd\u0142u\u017csze. Jestem wielokrotnym zwyci\u0119zc\u0105 i medalista zawod\u00f3w ULTRA czyli przekraczaj\u0105cych 100 km.<\/p>\t\t\t\t\t\t<\/div>\n\t\t\t\t<\/div>\n\t\t\t\t<div class=\"elementor-element elementor-element-b5c773a elementor-widget elementor-widget-text-editor\" data-id=\"b5c773a\" data-element_type=\"widget\" data-widget_type=\"text-editor.default\">\n\t\t\t\t<div class=\"elementor-widget-container\">\n\t\t\t\t\t\t\t<p>Napisz do mnie lub zadzwo\u0144.<\/p>\t\t\t\t\t\t<\/div>\n\t\t\t\t<\/div>\n\t\t\t\t<div class=\"elementor-element elementor-element-965e497 elementor-widget elementor-widget-text-editor\" data-id=\"965e497\" data-element_type=\"widget\" data-widget_type=\"text-editor.default\">\n\t\t\t\t<div class=\"elementor-widget-container\">\n\t\t\t\t\t\t\t<p>Dariusz Rewers<\/p>\t\t\t\t\t\t<\/div>\n\t\t\t\t<\/div>\n\t\t\t\t<div class=\"elementor-element elementor-element-35ae1b7 elementor-align-left elementor-icon-list--layout-traditional elementor-list-item-link-full_width elementor-widget elementor-widget-icon-list\" data-id=\"35ae1b7\" data-element_type=\"widget\" data-widget_type=\"icon-list.default\">\n\t\t\t\t<div class=\"elementor-widget-container\">\n\t\t\t<link rel=\"stylesheet\" href=\"https:\/\/ultraway.qa.evostudio.pl\/wp-content\/uploads\/elementor\/css\/custom-widget-icon-list.min.css?ver=1687340069\">\t\t<ul class=\"elementor-icon-list-items\">\n\t\t\t\t\t\t\t<li class=\"elementor-icon-list-item\">\n\t\t\t\t\t\t\t\t\t\t\t<a href=\"mailto:trener@ultra-way.pl\">\n\n\t\t\t\t\t\t\t\t\t\t\t\t<span class=\"elementor-icon-list-icon\">\n\t\t\t\t\t\t\t<svg xmlns=\"http:\/\/www.w3.org\/2000\/svg\" width=\"16\" height=\"13\" viewbox=\"0 0 16 13\" fill=\"none\"><path d=\"M2 2C1.71875 2 1.5 2.25 1.5 2.5V3.21875L6.875 7.625C7.53125 8.15625 8.4375 8.15625 9.09375 7.625L14.5 3.21875V2.5C14.5 2.25 14.25 2 14 2H2ZM1.5 5.15625V10.5C1.5 10.7812 1.71875 11 2 11H14C14.25 11 14.5 10.7812 14.5 10.5V5.15625L10.0625 8.78125C8.84375 9.78125 7.125 9.78125 5.9375 8.78125L1.5 5.15625ZM0 2.5C0 1.40625 0.875 0.5 2 0.5H14C15.0938 0.5 16 1.40625 16 2.5V10.5C16 11.625 15.0938 12.5 14 12.5H2C0.875 12.5 0 11.625 0 10.5V2.5Z\" fill=\"#FF682F\"><\/path><\/svg>\t\t\t\t\t\t<\/span>\n\t\t\t\t\t\t\t\t\t\t<span class=\"elementor-icon-list-text\">trener@ultra-way.pl<\/span>\n\t\t\t\t\t\t\t\t\t\t\t<\/a>\n\t\t\t\t\t\t\t\t\t<\/li>\n\t\t\t\t\t\t\t\t<li class=\"elementor-icon-list-item\">\n\t\t\t\t\t\t\t\t\t\t\t<a href=\"tel: 48506708704\">\n\n\t\t\t\t\t\t\t\t\t\t\t\t<span class=\"elementor-icon-list-icon\">\n\t\t\t\t\t\t\t<svg xmlns=\"http:\/\/www.w3.org\/2000\/svg\" width=\"17\" height=\"17\" viewbox=\"0 0 17 17\" fill=\"none\"><path d=\"M15 10.5312L11.9375 9.21875C11.25 8.90625 10.4688 9.125 10 9.6875L9.15625 10.7188C7.75 9.90625 6.59375 8.75 5.78125 7.375L6.84375 6.53125C7.375 6.0625 7.59375 5.28125 7.3125 4.625L5.96875 1.5C5.65625 0.78125 4.875 0.375 4.09375 0.5625L1.25 1.21875C0.5 1.375 0 2.03125 0 2.8125C0 10.375 6.125 16.5 13.6875 16.5C14.4688 16.5 15.125 16 15.25 15.25L15.9062 12.4062C16.125 11.625 15.7188 10.8438 15 10.5312ZM14.4688 12.0625L13.8125 14.9062C13.8125 14.9375 13.75 15 13.6875 15C6.96875 15 1.46875 9.53125 1.46875 2.8125C1.46875 2.75 1.53125 2.6875 1.59375 2.6875L4.4375 2.03125L4.46875 2C4.53125 2 4.5625 2.0625 4.59375 2.09375L5.90625 5.15625C5.9375 5.21875 5.9375 5.28125 5.875 5.3125L4.34375 6.5625C4.09375 6.78125 4 7.15625 4.15625 7.46875C5.1875 9.5625 6.90625 11.2812 9 12.3125C9.3125 12.4688 9.71875 12.4062 9.9375 12.125L11.1875 10.5938C11.2188 10.5625 11.2812 10.5312 11.3438 10.5625L14.4062 11.875C14.4688 11.9375 14.5 12 14.4688 12.0625Z\" fill=\"#FF682F\"><\/path><\/svg>\t\t\t\t\t\t<\/span>\n\t\t\t\t\t\t\t\t\t\t<span class=\"elementor-icon-list-text\">+ 48 506 708 704<\/span>\n\t\t\t\t\t\t\t\t\t\t\t<\/a>\n\t\t\t\t\t\t\t\t\t<\/li>\n\t\t\t\t\t\t<\/ul>\n\t\t\t\t<\/div>\n\t\t\t\t<\/div>\n\t\t\t\t<\/div>\n\t\t<div class=\"elementor-element elementor-element-b030f32 e-con-full e-con\" data-id=\"b030f32\" data-element_type=\"container\" data-settings=\"{&quot;content_width&quot;:&quot;full&quot;}\">\n\t\t\t\t<div class=\"elementor-element elementor-element-28a5f34 elementor-widget elementor-widget-image\" data-id=\"28a5f34\" data-element_type=\"widget\" data-widget_type=\"image.default\">\n\t\t\t\t<div class=\"elementor-widget-container\">\n\t\t\t<style>\/*! elementor - v3.12.1 - 02-04-2023 *\/\n.elementor-widget-image{text-align:center}.elementor-widget-image a{display:inline-block}.elementor-widget-image a img[src$=\".svg\"]{width:48px}.elementor-widget-image img{vertical-align:middle;display:inline-block}<\/style>\t\t\t\t\t\t\t\t\t\t\t\t<img loading=\"lazy\" decoding=\"async\" width=\"624\" height=\"470\" src=\"https:\/\/ultraway.qa.evostudio.pl\/wp-content\/uploads\/2023\/04\/trenowanie.jpg\" class=\"attachment-full size-full wp-image-360\" alt=\"\" srcset=\"https:\/\/ultraway.qa.evostudio.pl\/wp-content\/uploads\/2023\/04\/trenowanie.jpg 624w, https:\/\/ultraway.qa.evostudio.pl\/wp-content\/uploads\/2023\/04\/trenowanie-300x226.jpg 300w\" sizes=\"auto, (max-width: 624px) 100vw, 624px\" \/>\t\t\t\t\t\t\t\t\t\t\t\t\t\t\t<\/div>\n\t\t\t\t<\/div>\n\t\t\t\t<div class=\"elementor-element elementor-element-10979cb laczy-nas-jedno laczy-nas-jedno-left elementor-hidden-tablet elementor-hidden-mobile elementor-widget elementor-widget-text-editor\" data-id=\"10979cb\" data-element_type=\"widget\" data-widget_type=\"text-editor.default\">\n\t\t\t\t<div class=\"elementor-widget-container\">\n\t\t\t\t\t\t\t<p>\u0141\u0105czy nas jedno<br \/>\u2013 mi\u0142o\u015b\u0107 do biegania<\/p>\t\t\t\t\t\t<\/div>\n\t\t\t\t<\/div>\n\t\t\t\t<\/div>\n\t\t\t\t\t<\/div>\n\t\t\t\t<\/div>\n\t\t\t\t\t\t\t<\/div>","protected":false},"excerpt":{"rendered":"<p>Trenowanie Profesjonalna opieka trenerska dla pocz\u0105tkuj\u0105cych biegaczy, jak i zaawansowanych. Indywidualne dopasowanie plan\u00f3w treningowych i obci\u0105\u017ce\u0144 do mo\u017cliwo\u015bci i cel\u00f3w biegowych. trenowanie Szukasz TRENERA? Szukasz motywacji? Chcesz biega\u0107 bezpiecznie, a jednocze\u015bnie mie\u0107 progres w swoich wynikach? Mo\u017ce zaczynasz dopiero swoj\u0105 przygod\u0119 z aktywno\u015bci\u0105 fizyczn\u0105 i masz r\u00f3\u017cne ku temu powody. Mo\u017ce nale\u017cysz do os\u00f3b, kt\u00f3re [&hellip;]<\/p>","protected":false},"author":2,"featured_media":0,"parent":0,"menu_order":0,"comment_status":"closed","ping_status":"closed","template":"","meta":{"footnotes":""},"class_list":["post-356","page","type-page","status-publish","hentry","entry"],"acf":[],"yoast_head":"<!-- This site is optimized with the Yoast SEO plugin v20.4 - https:\/\/yoast.com\/wordpress\/plugins\/seo\/ -->\n<title>Trenowanie - Ultra-Way 2023<\/title>\n<meta name=\"robots\" content=\"noindex, follow, max-snippet:-1, max-image-preview:large, max-video-preview:-1\" \/>\n<meta property=\"og:locale\" content=\"en_GB\" \/>\n<meta property=\"og:type\" content=\"article\" \/>\n<meta property=\"og:title\" content=\"Trenowanie - Ultra-Way 2023\" \/>\n<meta property=\"og:description\" content=\"Trenowanie Profesjonalna opieka trenerska dla pocz\u0105tkuj\u0105cych biegaczy, jak i zaawansowanych. Indywidualne dopasowanie plan\u00f3w treningowych i obci\u0105\u017ce\u0144 do mo\u017cliwo\u015bci i cel\u00f3w biegowych. trenowanie Szukasz TRENERA? Szukasz motywacji? Chcesz biega\u0107 bezpiecznie, a jednocze\u015bnie mie\u0107 progres w swoich wynikach? Mo\u017ce zaczynasz dopiero swoj\u0105 przygod\u0119 z aktywno\u015bci\u0105 fizyczn\u0105 i masz r\u00f3\u017cne ku temu powody. Mo\u017ce nale\u017cysz do os\u00f3b, kt\u00f3re [&hellip;]\" \/>\n<meta property=\"og:url\" content=\"https:\/\/ultraway.qa.evostudio.pl\/en\/trenowanie\/\" \/>\n<meta property=\"og:site_name\" content=\"Ultra-Way 2023\" \/>\n<meta property=\"article:modified_time\" content=\"2023-05-04T09:59:56+00:00\" \/>\n<meta property=\"og:image\" content=\"https:\/\/ultraway.qa.evostudio.pl\/wp-content\/uploads\/2023\/04\/trenowanie.jpg\" \/>\n<meta name=\"twitter:card\" content=\"summary_large_image\" \/>\n<meta name=\"twitter:label1\" content=\"Estimated reading time\" \/>\n\t<meta name=\"twitter:data1\" content=\"2 minutes\" \/>\n<script type=\"application\/ld+json\" class=\"yoast-schema-graph\">{\"@context\":\"https:\/\/schema.org\",\"@graph\":[{\"@type\":\"WebPage\",\"@id\":\"https:\/\/ultraway.qa.evostudio.pl\/trenowanie\/\",\"url\":\"https:\/\/ultraway.qa.evostudio.pl\/trenowanie\/\",\"name\":\"Trenowanie - Ultra-Way 2023\",\"isPartOf\":{\"@id\":\"https:\/\/ultraway.qa.evostudio.pl\/#website\"},\"datePublished\":\"2023-04-14T10:50:20+00:00\",\"dateModified\":\"2023-05-04T09:59:56+00:00\",\"breadcrumb\":{\"@id\":\"https:\/\/ultraway.qa.evostudio.pl\/trenowanie\/#breadcrumb\"},\"inLanguage\":\"en-GB\",\"potentialAction\":[{\"@type\":\"ReadAction\",\"target\":[\"https:\/\/ultraway.qa.evostudio.pl\/trenowanie\/\"]}]},{\"@type\":\"BreadcrumbList\",\"@id\":\"https:\/\/ultraway.qa.evostudio.pl\/trenowanie\/#breadcrumb\",\"itemListElement\":[{\"@type\":\"ListItem\",\"position\":1,\"name\":\"Strona g\u0142\u00f3wna\",\"item\":\"https:\/\/ultraway.qa.evostudio.pl\/\"},{\"@type\":\"ListItem\",\"position\":2,\"name\":\"Trenowanie\"}]},{\"@type\":\"WebSite\",\"@id\":\"https:\/\/ultraway.qa.evostudio.pl\/#website\",\"url\":\"https:\/\/ultraway.qa.evostudio.pl\/\",\"name\":\"Ultra-Way 2023\",\"description\":\"\",\"publisher\":{\"@id\":\"https:\/\/ultraway.qa.evostudio.pl\/#organization\"},\"potentialAction\":[{\"@type\":\"SearchAction\",\"target\":{\"@type\":\"EntryPoint\",\"urlTemplate\":\"https:\/\/ultraway.qa.evostudio.pl\/?s={search_term_string}\"},\"query-input\":\"required name=search_term_string\"}],\"inLanguage\":\"en-GB\"},{\"@type\":\"Organization\",\"@id\":\"https:\/\/ultraway.qa.evostudio.pl\/#organization\",\"name\":\"Ultra-Way 2023\",\"url\":\"https:\/\/ultraway.qa.evostudio.pl\/\",\"logo\":{\"@type\":\"ImageObject\",\"inLanguage\":\"en-GB\",\"@id\":\"https:\/\/ultraway.qa.evostudio.pl\/#\/schema\/logo\/image\/\",\"url\":\"https:\/\/ultraway.qa.evostudio.pl\/wp-content\/uploads\/2023\/04\/logo.png\",\"contentUrl\":\"https:\/\/ultraway.qa.evostudio.pl\/wp-content\/uploads\/2023\/04\/logo.png\",\"width\":228,\"height\":75,\"caption\":\"Ultra-Way 2023\"},\"image\":{\"@id\":\"https:\/\/ultraway.qa.evostudio.pl\/#\/schema\/logo\/image\/\"}}]}<\/script>\n<!-- \/ Yoast SEO plugin. -->","yoast_head_json":{"title":"Trenowanie - Ultra-Way 2023","robots":{"index":"noindex","follow":"follow","max-snippet":"max-snippet:-1","max-image-preview":"max-image-preview:large","max-video-preview":"max-video-preview:-1"},"og_locale":"en_GB","og_type":"article","og_title":"Trenowanie - Ultra-Way 2023","og_description":"Trenowanie Profesjonalna opieka trenerska dla pocz\u0105tkuj\u0105cych biegaczy, jak i zaawansowanych. Indywidualne dopasowanie plan\u00f3w treningowych i obci\u0105\u017ce\u0144 do mo\u017cliwo\u015bci i cel\u00f3w biegowych. trenowanie Szukasz TRENERA? Szukasz motywacji? Chcesz biega\u0107 bezpiecznie, a jednocze\u015bnie mie\u0107 progres w swoich wynikach? Mo\u017ce zaczynasz dopiero swoj\u0105 przygod\u0119 z aktywno\u015bci\u0105 fizyczn\u0105 i masz r\u00f3\u017cne ku temu powody. Mo\u017ce nale\u017cysz do os\u00f3b, kt\u00f3re [&hellip;]","og_url":"https:\/\/ultraway.qa.evostudio.pl\/en\/trenowanie\/","og_site_name":"Ultra-Way 2023","article_modified_time":"2023-05-04T09:59:56+00:00","og_image":[{"url":"https:\/\/ultraway.qa.evostudio.pl\/wp-content\/uploads\/2023\/04\/trenowanie.jpg"}],"twitter_card":"summary_large_image","twitter_misc":{"Estimated reading time":"2 minutes"},"schema":{"@context":"https:\/\/schema.org","@graph":[{"@type":"WebPage","@id":"https:\/\/ultraway.qa.evostudio.pl\/trenowanie\/","url":"https:\/\/ultraway.qa.evostudio.pl\/trenowanie\/","name":"Trenowanie - Ultra-Way 2023","isPartOf":{"@id":"https:\/\/ultraway.qa.evostudio.pl\/#website"},"datePublished":"2023-04-14T10:50:20+00:00","dateModified":"2023-05-04T09:59:56+00:00","breadcrumb":{"@id":"https:\/\/ultraway.qa.evostudio.pl\/trenowanie\/#breadcrumb"},"inLanguage":"en-GB","potentialAction":[{"@type":"ReadAction","target":["https:\/\/ultraway.qa.evostudio.pl\/trenowanie\/"]}]},{"@type":"BreadcrumbList","@id":"https:\/\/ultraway.qa.evostudio.pl\/trenowanie\/#breadcrumb","itemListElement":[{"@type":"ListItem","position":1,"name":"Strona g\u0142\u00f3wna","item":"https:\/\/ultraway.qa.evostudio.pl\/"},{"@type":"ListItem","position":2,"name":"Trenowanie"}]},{"@type":"WebSite","@id":"https:\/\/ultraway.qa.evostudio.pl\/#website","url":"https:\/\/ultraway.qa.evostudio.pl\/","name":"Ultra-Way 2023","description":"","publisher":{"@id":"https:\/\/ultraway.qa.evostudio.pl\/#organization"},"potentialAction":[{"@type":"SearchAction","target":{"@type":"EntryPoint","urlTemplate":"https:\/\/ultraway.qa.evostudio.pl\/?s={search_term_string}"},"query-input":"required name=search_term_string"}],"inLanguage":"en-GB"},{"@type":"Organization","@id":"https:\/\/ultraway.qa.evostudio.pl\/#organization","name":"Ultra-Way 2023","url":"https:\/\/ultraway.qa.evostudio.pl\/","logo":{"@type":"ImageObject","inLanguage":"en-GB","@id":"https:\/\/ultraway.qa.evostudio.pl\/#\/schema\/logo\/image\/","url":"https:\/\/ultraway.qa.evostudio.pl\/wp-content\/uploads\/2023\/04\/logo.png","contentUrl":"https:\/\/ultraway.qa.evostudio.pl\/wp-content\/uploads\/2023\/04\/logo.png","width":228,"height":75,"caption":"Ultra-Way 2023"},"image":{"@id":"https:\/\/ultraway.qa.evostudio.pl\/#\/schema\/logo\/image\/"}}]}},"_links":{"self":[{"href":"https:\/\/ultraway.qa.evostudio.pl\/en\/wp-json\/wp\/v2\/pages\/356","targetHints":{"allow":["GET"]}}],"collection":[{"href":"https:\/\/ultraway.qa.evostudio.pl\/en\/wp-json\/wp\/v2\/pages"}],"about":[{"href":"https:\/\/ultraway.qa.evostudio.pl\/en\/wp-json\/wp\/v2\/types\/page"}],"author":[{"embeddable":true,"href":"https:\/\/ultraway.qa.evostudio.pl\/en\/wp-json\/wp\/v2\/users\/2"}],"replies":[{"embeddable":true,"href":"https:\/\/ultraway.qa.evostudio.pl\/en\/wp-json\/wp\/v2\/comments?post=356"}],"version-history":[{"count":35,"href":"https:\/\/ultraway.qa.evostudio.pl\/en\/wp-json\/wp\/v2\/pages\/356\/revisions"}],"predecessor-version":[{"id":839,"href":"https:\/\/ultraway.qa.evostudio.pl\/en\/wp-json\/wp\/v2\/pages\/356\/revisions\/839"}],"wp:attachment":[{"href":"https:\/\/ultraway.qa.evostudio.pl\/en\/wp-json\/wp\/v2\/media?parent=356"}],"curies":[{"name":"wp","href":"https:\/\/api.w.org\/{rel}","templated":true}]}}