{"id":373,"date":"2023-04-14T13:29:05","date_gmt":"2023-04-14T11:29:05","guid":{"rendered":"https:\/\/ultraway.qa.evostudio.pl\/?page_id=373"},"modified":"2023-05-04T11:55:22","modified_gmt":"2023-05-04T09:55:22","slug":"o-nas","status":"publish","type":"page","link":"https:\/\/ultraway.qa.evostudio.pl\/en\/o-nas\/","title":{"rendered":"O nas"},"content":{"rendered":"<div data-elementor-type=\"wp-page\" data-elementor-id=\"373\" class=\"elementor elementor-373\">\n\t\t\t\t\t\t\t<div class=\"elementor-element elementor-element-9f5ced8 e-con-boxed e-con\" data-id=\"9f5ced8\" data-element_type=\"container\" data-settings=\"{&quot;background_background&quot;:&quot;classic&quot;,&quot;content_width&quot;:&quot;boxed&quot;}\">\n\t\t\t\t\t<div class=\"e-con-inner\">\n\t\t\t\t<div class=\"elementor-element elementor-element-cb9d5cd elementor-widget elementor-widget-heading\" data-id=\"cb9d5cd\" data-element_type=\"widget\" data-widget_type=\"heading.default\">\n\t\t\t\t<div class=\"elementor-widget-container\">\n\t\t\t<style>\/*! elementor - v3.12.1 - 02-04-2023 *\/\n.elementor-heading-title{padding:0;margin:0;line-height:1}.elementor-widget-heading .elementor-heading-title[class*=elementor-size-]>a{color:inherit;font-size:inherit;line-height:inherit}.elementor-widget-heading .elementor-heading-title.elementor-size-small{font-size:15px}.elementor-widget-heading .elementor-heading-title.elementor-size-medium{font-size:19px}.elementor-widget-heading .elementor-heading-title.elementor-size-large{font-size:29px}.elementor-widget-heading .elementor-heading-title.elementor-size-xl{font-size:39px}.elementor-widget-heading .elementor-heading-title.elementor-size-xxl{font-size:59px}<\/style><h1 class=\"elementor-heading-title elementor-size-default\">O nas<\/h1>\t\t<\/div>\n\t\t\t\t<\/div>\n\t\t\t\t\t<\/div>\n\t\t\t\t<\/div>\n\t\t<div class=\"elementor-element elementor-element-83a27da e-con-boxed e-con\" data-id=\"83a27da\" data-element_type=\"container\" data-settings=\"{&quot;content_width&quot;:&quot;boxed&quot;}\">\n\t\t\t\t\t<div class=\"e-con-inner\">\n\t\t<div class=\"elementor-element elementor-element-626bb83 e-con-full e-con\" data-id=\"626bb83\" data-element_type=\"container\" data-settings=\"{&quot;content_width&quot;:&quot;full&quot;}\">\n\t\t\t\t<div class=\"elementor-element elementor-element-8a40ed5 elementor-widget elementor-widget-heading\" data-id=\"8a40ed5\" data-element_type=\"widget\" data-widget_type=\"heading.default\">\n\t\t\t\t<div class=\"elementor-widget-container\">\n\t\t\t<h2 class=\"elementor-heading-title elementor-size-default\">Kim jeste\u015bmy?<\/h2>\t\t<\/div>\n\t\t\t\t<\/div>\n\t\t\t\t<div class=\"elementor-element elementor-element-566c412 elementor-widget elementor-widget-text-editor\" data-id=\"566c412\" data-element_type=\"widget\" data-widget_type=\"text-editor.default\">\n\t\t\t\t<div class=\"elementor-widget-container\">\n\t\t\t<style>\/*! elementor - v3.12.1 - 02-04-2023 *\/\n.elementor-widget-text-editor.elementor-drop-cap-view-stacked .elementor-drop-cap{background-color:#69727d;color:#fff}.elementor-widget-text-editor.elementor-drop-cap-view-framed .elementor-drop-cap{color:#69727d;border:3px solid;background-color:transparent}.elementor-widget-text-editor:not(.elementor-drop-cap-view-default) .elementor-drop-cap{margin-top:8px}.elementor-widget-text-editor:not(.elementor-drop-cap-view-default) .elementor-drop-cap-letter{width:1em;height:1em}.elementor-widget-text-editor .elementor-drop-cap{float:left;text-align:center;line-height:1;font-size:50px}.elementor-widget-text-editor .elementor-drop-cap-letter{display:inline-block}<\/style>\t\t\t\t<p>ULTRA WAY TEAM to grupka znajomych, pasjonat\u00f3w biegania i wszelkiego rodzaju aktywno\u015bci. Znajdziesz tu biegaczy ka\u017cdego gatunku: asfaltowych, terenowych, ultras\u00f3w, amator\u00f3w, biegaczy wyczynowych oraz mi\u0142o\u015bnik\u00f3w triathlonu.<\/p>\t\t\t\t\t\t<\/div>\n\t\t\t\t<\/div>\n\t\t\t\t<div class=\"elementor-element elementor-element-57172fc elementor-widget elementor-widget-text-editor\" data-id=\"57172fc\" data-element_type=\"widget\" data-widget_type=\"text-editor.default\">\n\t\t\t\t<div class=\"elementor-widget-container\">\n\t\t\t\t\t\t\t<p>Niekt\u00f3rzy z nas biegaj\u0105 odk\u0105d nauczyli si\u0119 chodzi\u0107, inni zacz\u0119li p\u00f3\u017aniej a jeszcze inni wczoraj. \u0141\u0105czy nas jedno \u2013 mi\u0142o\u015b\u0107 do biegania i ch\u0119\u0107 zara\u017cenia t\u0105 pasj\u0105 jak najwi\u0119kszej liczby os\u00f3b. Cz\u0119sto bierzemy udzia\u0142 w zawodach na terenie ca\u0142ej Polski oraz za granic\u0105 i tam jeste\u015bmy go\u015b\u0107mi.<\/p>\t\t\t\t\t\t<\/div>\n\t\t\t\t<\/div>\n\t\t\t\t<div class=\"elementor-element elementor-element-1c61fe2 elementor-widget elementor-widget-text-editor\" data-id=\"1c61fe2\" data-element_type=\"widget\" data-widget_type=\"text-editor.default\">\n\t\t\t\t<div class=\"elementor-widget-container\">\n\t\t\t\t\t\t\t<p>Kilka lat temu postanowili\u015bmy podzieli\u0107 si\u0119 z biegaczami ca\u0142ego kraju naszymi magicznymi miejscami, w kt\u00f3rych na co dzie\u0144 trenujemy i kt\u00f3re mamy okazj\u0119 podziwia\u0107. Tak w\u0142a\u015bnie narodzi\u0142 si\u0119 Festiwal Biegowy ULTRA WAY.<\/p>\t\t\t\t\t\t<\/div>\n\t\t\t\t<\/div>\n\t\t\t\t<\/div>\n\t\t<div class=\"elementor-element elementor-element-164615e e-con-full e-con\" data-id=\"164615e\" data-element_type=\"container\" data-settings=\"{&quot;content_width&quot;:&quot;full&quot;}\">\n\t\t\t\t<div class=\"elementor-element elementor-element-e3e5530 elementor-widget elementor-widget-image\" data-id=\"e3e5530\" data-element_type=\"widget\" data-widget_type=\"image.default\">\n\t\t\t\t<div class=\"elementor-widget-container\">\n\t\t\t<style>\/*! elementor - v3.12.1 - 02-04-2023 *\/\n.elementor-widget-image{text-align:center}.elementor-widget-image a{display:inline-block}.elementor-widget-image a img[src$=\".svg\"]{width:48px}.elementor-widget-image img{vertical-align:middle;display:inline-block}<\/style>\t\t\t\t\t\t\t\t\t\t\t\t<img loading=\"lazy\" decoding=\"async\" width=\"624\" height=\"470\" src=\"https:\/\/ultraway.qa.evostudio.pl\/wp-content\/uploads\/2023\/04\/o-nas-1.jpg\" class=\"attachment-full size-full wp-image-376\" alt=\"\" srcset=\"https:\/\/ultraway.qa.evostudio.pl\/wp-content\/uploads\/2023\/04\/o-nas-1.jpg 624w, https:\/\/ultraway.qa.evostudio.pl\/wp-content\/uploads\/2023\/04\/o-nas-1-300x226.jpg 300w\" sizes=\"auto, (max-width: 624px) 100vw, 624px\" \/>\t\t\t\t\t\t\t\t\t\t\t\t\t\t\t<\/div>\n\t\t\t\t<\/div>\n\t\t\t\t<\/div>\n\t\t\t\t\t<\/div>\n\t\t\t\t<\/div>\n\t\t<div class=\"elementor-element elementor-element-bfe8c2f e-con-boxed e-con\" data-id=\"bfe8c2f\" data-element_type=\"container\" data-settings=\"{&quot;content_width&quot;:&quot;boxed&quot;}\">\n\t\t\t\t\t<div class=\"e-con-inner\">\n\t\t<div class=\"elementor-element elementor-element-79611af e-con-full e-con\" data-id=\"79611af\" data-element_type=\"container\" data-settings=\"{&quot;content_width&quot;:&quot;full&quot;}\">\n\t\t\t\t<div class=\"elementor-element elementor-element-b23e2a7 elementor-widget elementor-widget-image\" data-id=\"b23e2a7\" data-element_type=\"widget\" data-widget_type=\"image.default\">\n\t\t\t\t<div class=\"elementor-widget-container\">\n\t\t\t\t\t\t\t\t\t\t\t\t\t\t\t<img loading=\"lazy\" decoding=\"async\" width=\"624\" height=\"470\" src=\"https:\/\/ultraway.qa.evostudio.pl\/wp-content\/uploads\/2023\/04\/o-nas-2.jpg\" class=\"attachment-full size-full wp-image-377\" alt=\"\" srcset=\"https:\/\/ultraway.qa.evostudio.pl\/wp-content\/uploads\/2023\/04\/o-nas-2.jpg 624w, https:\/\/ultraway.qa.evostudio.pl\/wp-content\/uploads\/2023\/04\/o-nas-2-300x226.jpg 300w\" sizes=\"auto, (max-width: 624px) 100vw, 624px\" \/>\t\t\t\t\t\t\t\t\t\t\t\t\t\t\t<\/div>\n\t\t\t\t<\/div>\n\t\t\t\t<\/div>\n\t\t<div class=\"elementor-element elementor-element-87e987c e-con-full e-con\" data-id=\"87e987c\" data-element_type=\"container\" data-settings=\"{&quot;content_width&quot;:&quot;full&quot;}\">\n\t\t\t\t<div class=\"elementor-element elementor-element-1b5d844 elementor-widget elementor-widget-heading\" data-id=\"1b5d844\" data-element_type=\"widget\" data-widget_type=\"heading.default\">\n\t\t\t\t<div class=\"elementor-widget-container\">\n\t\t\t<h2 class=\"elementor-heading-title elementor-size-default\">Co robimy?<\/h2>\t\t<\/div>\n\t\t\t\t<\/div>\n\t\t\t\t<div class=\"elementor-element elementor-element-3d29934 elementor-widget elementor-widget-text-editor\" data-id=\"3d29934\" data-element_type=\"widget\" data-widget_type=\"text-editor.default\">\n\t\t\t\t<div class=\"elementor-widget-container\">\n\t\t\t\t\t\t\t<p>Festiwal Biegowy ULTRA WAY to 2-dniowe wydarzenie \u0142\u0105cz\u0105ce rywalizacj\u0119, sport, przepi\u0119kne tereny, dobr\u0105 zabaw\u0119 i pozytywn\u0105 dawk\u0119 emocji. Pojezierze Kaszubskie to bezsprzecznie jeden z najciekawszych region\u00f3w Polski. Niech Was nie zwiedzie my\u015bl, \u017ce jest tu p\u0142asko. Znajdziecie tu wszystko, co mo\u017ce da\u0107 cz\u0142owiekowi natura w najprostszej i najpi\u0119kniejszej ods\u0142onie: zatoka, wydmy, klify nadmorskie, pla\u017ca, g\u00f3rki, pomniki przyrody, miejsca m\u0119cze\u0144stwa ludno\u015bci w czasie II wojny \u015bwiatowej, pi\u0119kne, zapieraj\u0105ce dech w piersiach panoramy.<\/p>\t\t\t\t\t\t<\/div>\n\t\t\t\t<\/div>\n\t\t\t\t<div class=\"elementor-element elementor-element-f50cf9a elementor-widget elementor-widget-text-editor\" data-id=\"f50cf9a\" data-element_type=\"widget\" data-widget_type=\"text-editor.default\">\n\t\t\t\t<div class=\"elementor-widget-container\">\n\t\t\t\t\t\t\t<p>No i oczywi\u015bcie najpi\u0119kniejsze wschody s\u0142o\u0144ca. Kto prze\u017cy\u0142 t\u0119 przygod\u0119 raz, z\u00a0ca\u0142\u0105 pewno\u015bci\u0105 wr\u00f3ci a my z roku na rok dok\u0142adamy wszelkich stara\u0144 aby Wasze wra\u017cenia by\u0142y niezapomniane w my\u015bl zasady, \u017ce biegacz dostaje od \u015bwiata wi\u0119cej.<\/p>\t\t\t\t\t\t<\/div>\n\t\t\t\t<\/div>\n\t\t\t\t<div class=\"elementor-element elementor-element-f38dc07 elementor-widget elementor-widget-text-editor\" data-id=\"f38dc07\" data-element_type=\"widget\" data-widget_type=\"text-editor.default\">\n\t\t\t\t<div class=\"elementor-widget-container\">\n\t\t\t\t\t\t\t<p>Mamy do zaoferowania r\u00f3\u017cne trasy trailowe P\u00f3\u0142nocnych Kaszub od 10 km do 100 mil aby ka\u017cdy m\u00f3g\u0142 do\u015bwiadczy\u0107 tych niezwyk\u0142ych chwili sta\u0107 si\u0119 cz\u0119\u015bci\u0105 naszej spo\u0142eczno\u015bci.<\/p>\t\t\t\t\t\t<\/div>\n\t\t\t\t<\/div>\n\t\t\t\t<\/div>\n\t\t\t\t\t<\/div>\n\t\t\t\t<\/div>\n\t\t\t\t\t\t\t<\/div>","protected":false},"excerpt":{"rendered":"<p>O nas Kim jeste\u015bmy? ULTRA WAY TEAM to grupka znajomych, pasjonat\u00f3w biegania i wszelkiego rodzaju aktywno\u015bci. Znajdziesz tu biegaczy ka\u017cdego gatunku: asfaltowych, terenowych, ultras\u00f3w, amator\u00f3w, biegaczy wyczynowych oraz mi\u0142o\u015bnik\u00f3w triathlonu. Niekt\u00f3rzy z nas biegaj\u0105 odk\u0105d nauczyli si\u0119 chodzi\u0107, inni zacz\u0119li p\u00f3\u017aniej a jeszcze inni wczoraj. \u0141\u0105czy nas jedno \u2013 mi\u0142o\u015b\u0107 do biegania i ch\u0119\u0107 zara\u017cenia [&hellip;]<\/p>","protected":false},"author":2,"featured_media":0,"parent":0,"menu_order":0,"comment_status":"closed","ping_status":"closed","template":"","meta":{"footnotes":""},"class_list":["post-373","page","type-page","status-publish","hentry","entry"],"acf":[],"yoast_head":"<!-- This site is optimized with the Yoast SEO plugin v20.4 - https:\/\/yoast.com\/wordpress\/plugins\/seo\/ -->\n<title>O nas - Ultra-Way 2023<\/title>\n<meta name=\"robots\" content=\"noindex, follow, max-snippet:-1, max-image-preview:large, max-video-preview:-1\" \/>\n<meta property=\"og:locale\" content=\"en_GB\" \/>\n<meta property=\"og:type\" content=\"article\" \/>\n<meta property=\"og:title\" content=\"O nas - Ultra-Way 2023\" \/>\n<meta property=\"og:description\" content=\"O nas Kim jeste\u015bmy? ULTRA WAY TEAM to grupka znajomych, pasjonat\u00f3w biegania i wszelkiego rodzaju aktywno\u015bci. Znajdziesz tu biegaczy ka\u017cdego gatunku: asfaltowych, terenowych, ultras\u00f3w, amator\u00f3w, biegaczy wyczynowych oraz mi\u0142o\u015bnik\u00f3w triathlonu. Niekt\u00f3rzy z nas biegaj\u0105 odk\u0105d nauczyli si\u0119 chodzi\u0107, inni zacz\u0119li p\u00f3\u017aniej a jeszcze inni wczoraj. \u0141\u0105czy nas jedno \u2013 mi\u0142o\u015b\u0107 do biegania i ch\u0119\u0107 zara\u017cenia [&hellip;]\" \/>\n<meta property=\"og:url\" content=\"https:\/\/ultraway.qa.evostudio.pl\/en\/o-nas\/\" \/>\n<meta property=\"og:site_name\" content=\"Ultra-Way 2023\" \/>\n<meta property=\"article:modified_time\" content=\"2023-05-04T09:55:22+00:00\" \/>\n<meta property=\"og:image\" content=\"https:\/\/ultraway.qa.evostudio.pl\/wp-content\/uploads\/2023\/04\/o-nas-1.jpg\" \/>\n<meta name=\"twitter:card\" content=\"summary_large_image\" \/>\n<meta name=\"twitter:label1\" content=\"Estimated reading time\" \/>\n\t<meta name=\"twitter:data1\" content=\"2 minutes\" \/>\n<script type=\"application\/ld+json\" class=\"yoast-schema-graph\">{\"@context\":\"https:\/\/schema.org\",\"@graph\":[{\"@type\":\"WebPage\",\"@id\":\"https:\/\/ultraway.qa.evostudio.pl\/o-nas\/\",\"url\":\"https:\/\/ultraway.qa.evostudio.pl\/o-nas\/\",\"name\":\"O nas - Ultra-Way 2023\",\"isPartOf\":{\"@id\":\"https:\/\/ultraway.qa.evostudio.pl\/#website\"},\"datePublished\":\"2023-04-14T11:29:05+00:00\",\"dateModified\":\"2023-05-04T09:55:22+00:00\",\"breadcrumb\":{\"@id\":\"https:\/\/ultraway.qa.evostudio.pl\/o-nas\/#breadcrumb\"},\"inLanguage\":\"en-GB\",\"potentialAction\":[{\"@type\":\"ReadAction\",\"target\":[\"https:\/\/ultraway.qa.evostudio.pl\/o-nas\/\"]}]},{\"@type\":\"BreadcrumbList\",\"@id\":\"https:\/\/ultraway.qa.evostudio.pl\/o-nas\/#breadcrumb\",\"itemListElement\":[{\"@type\":\"ListItem\",\"position\":1,\"name\":\"Strona g\u0142\u00f3wna\",\"item\":\"https:\/\/ultraway.qa.evostudio.pl\/\"},{\"@type\":\"ListItem\",\"position\":2,\"name\":\"O nas\"}]},{\"@type\":\"WebSite\",\"@id\":\"https:\/\/ultraway.qa.evostudio.pl\/#website\",\"url\":\"https:\/\/ultraway.qa.evostudio.pl\/\",\"name\":\"Ultra-Way 2023\",\"description\":\"\",\"publisher\":{\"@id\":\"https:\/\/ultraway.qa.evostudio.pl\/#organization\"},\"potentialAction\":[{\"@type\":\"SearchAction\",\"target\":{\"@type\":\"EntryPoint\",\"urlTemplate\":\"https:\/\/ultraway.qa.evostudio.pl\/?s={search_term_string}\"},\"query-input\":\"required name=search_term_string\"}],\"inLanguage\":\"en-GB\"},{\"@type\":\"Organization\",\"@id\":\"https:\/\/ultraway.qa.evostudio.pl\/#organization\",\"name\":\"Ultra-Way 2023\",\"url\":\"https:\/\/ultraway.qa.evostudio.pl\/\",\"logo\":{\"@type\":\"ImageObject\",\"inLanguage\":\"en-GB\",\"@id\":\"https:\/\/ultraway.qa.evostudio.pl\/#\/schema\/logo\/image\/\",\"url\":\"https:\/\/ultraway.qa.evostudio.pl\/wp-content\/uploads\/2023\/04\/logo.png\",\"contentUrl\":\"https:\/\/ultraway.qa.evostudio.pl\/wp-content\/uploads\/2023\/04\/logo.png\",\"width\":228,\"height\":75,\"caption\":\"Ultra-Way 2023\"},\"image\":{\"@id\":\"https:\/\/ultraway.qa.evostudio.pl\/#\/schema\/logo\/image\/\"}}]}<\/script>\n<!-- \/ Yoast SEO plugin. -->","yoast_head_json":{"title":"O nas - Ultra-Way 2023","robots":{"index":"noindex","follow":"follow","max-snippet":"max-snippet:-1","max-image-preview":"max-image-preview:large","max-video-preview":"max-video-preview:-1"},"og_locale":"en_GB","og_type":"article","og_title":"O nas - Ultra-Way 2023","og_description":"O nas Kim jeste\u015bmy? ULTRA WAY TEAM to grupka znajomych, pasjonat\u00f3w biegania i wszelkiego rodzaju aktywno\u015bci. Znajdziesz tu biegaczy ka\u017cdego gatunku: asfaltowych, terenowych, ultras\u00f3w, amator\u00f3w, biegaczy wyczynowych oraz mi\u0142o\u015bnik\u00f3w triathlonu. Niekt\u00f3rzy z nas biegaj\u0105 odk\u0105d nauczyli si\u0119 chodzi\u0107, inni zacz\u0119li p\u00f3\u017aniej a jeszcze inni wczoraj. \u0141\u0105czy nas jedno \u2013 mi\u0142o\u015b\u0107 do biegania i ch\u0119\u0107 zara\u017cenia [&hellip;]","og_url":"https:\/\/ultraway.qa.evostudio.pl\/en\/o-nas\/","og_site_name":"Ultra-Way 2023","article_modified_time":"2023-05-04T09:55:22+00:00","og_image":[{"url":"https:\/\/ultraway.qa.evostudio.pl\/wp-content\/uploads\/2023\/04\/o-nas-1.jpg"}],"twitter_card":"summary_large_image","twitter_misc":{"Estimated reading time":"2 minutes"},"schema":{"@context":"https:\/\/schema.org","@graph":[{"@type":"WebPage","@id":"https:\/\/ultraway.qa.evostudio.pl\/o-nas\/","url":"https:\/\/ultraway.qa.evostudio.pl\/o-nas\/","name":"O nas - Ultra-Way 2023","isPartOf":{"@id":"https:\/\/ultraway.qa.evostudio.pl\/#website"},"datePublished":"2023-04-14T11:29:05+00:00","dateModified":"2023-05-04T09:55:22+00:00","breadcrumb":{"@id":"https:\/\/ultraway.qa.evostudio.pl\/o-nas\/#breadcrumb"},"inLanguage":"en-GB","potentialAction":[{"@type":"ReadAction","target":["https:\/\/ultraway.qa.evostudio.pl\/o-nas\/"]}]},{"@type":"BreadcrumbList","@id":"https:\/\/ultraway.qa.evostudio.pl\/o-nas\/#breadcrumb","itemListElement":[{"@type":"ListItem","position":1,"name":"Strona g\u0142\u00f3wna","item":"https:\/\/ultraway.qa.evostudio.pl\/"},{"@type":"ListItem","position":2,"name":"O nas"}]},{"@type":"WebSite","@id":"https:\/\/ultraway.qa.evostudio.pl\/#website","url":"https:\/\/ultraway.qa.evostudio.pl\/","name":"Ultra-Way 2023","description":"","publisher":{"@id":"https:\/\/ultraway.qa.evostudio.pl\/#organization"},"potentialAction":[{"@type":"SearchAction","target":{"@type":"EntryPoint","urlTemplate":"https:\/\/ultraway.qa.evostudio.pl\/?s={search_term_string}"},"query-input":"required name=search_term_string"}],"inLanguage":"en-GB"},{"@type":"Organization","@id":"https:\/\/ultraway.qa.evostudio.pl\/#organization","name":"Ultra-Way 2023","url":"https:\/\/ultraway.qa.evostudio.pl\/","logo":{"@type":"ImageObject","inLanguage":"en-GB","@id":"https:\/\/ultraway.qa.evostudio.pl\/#\/schema\/logo\/image\/","url":"https:\/\/ultraway.qa.evostudio.pl\/wp-content\/uploads\/2023\/04\/logo.png","contentUrl":"https:\/\/ultraway.qa.evostudio.pl\/wp-content\/uploads\/2023\/04\/logo.png","width":228,"height":75,"caption":"Ultra-Way 2023"},"image":{"@id":"https:\/\/ultraway.qa.evostudio.pl\/#\/schema\/logo\/image\/"}}]}},"_links":{"self":[{"href":"https:\/\/ultraway.qa.evostudio.pl\/en\/wp-json\/wp\/v2\/pages\/373","targetHints":{"allow":["GET"]}}],"collection":[{"href":"https:\/\/ultraway.qa.evostudio.pl\/en\/wp-json\/wp\/v2\/pages"}],"about":[{"href":"https:\/\/ultraway.qa.evostudio.pl\/en\/wp-json\/wp\/v2\/types\/page"}],"author":[{"embeddable":true,"href":"https:\/\/ultraway.qa.evostudio.pl\/en\/wp-json\/wp\/v2\/users\/2"}],"replies":[{"embeddable":true,"href":"https:\/\/ultraway.qa.evostudio.pl\/en\/wp-json\/wp\/v2\/comments?post=373"}],"version-history":[{"count":11,"href":"https:\/\/ultraway.qa.evostudio.pl\/en\/wp-json\/wp\/v2\/pages\/373\/revisions"}],"predecessor-version":[{"id":933,"href":"https:\/\/ultraway.qa.evostudio.pl\/en\/wp-json\/wp\/v2\/pages\/373\/revisions\/933"}],"wp:attachment":[{"href":"https:\/\/ultraway.qa.evostudio.pl\/en\/wp-json\/wp\/v2\/media?parent=373"}],"curies":[{"name":"wp","href":"https:\/\/api.w.org\/{rel}","templated":true}]}}