{"id":469,"date":"2023-04-17T15:44:02","date_gmt":"2023-04-17T13:44:02","guid":{"rendered":"https:\/\/ultraway.qa.evostudio.pl\/?page_id=469"},"modified":"2023-05-05T16:19:11","modified_gmt":"2023-05-05T14:19:11","slug":"wolontariat","status":"publish","type":"page","link":"https:\/\/ultraway.qa.evostudio.pl\/en\/wolontariat\/","title":{"rendered":"Wolontariat"},"content":{"rendered":"<div data-elementor-type=\"wp-page\" data-elementor-id=\"469\" class=\"elementor elementor-469\">\n\t\t\t\t\t\t\t<div class=\"elementor-element elementor-element-60beac7 e-con-boxed e-con\" data-id=\"60beac7\" data-element_type=\"container\" data-settings=\"{&quot;content_width&quot;:&quot;boxed&quot;}\">\n\t\t\t\t\t<div class=\"e-con-inner\">\n\t\t<div class=\"elementor-element elementor-element-98fe521 e-con-full e-con\" data-id=\"98fe521\" data-element_type=\"container\" data-settings=\"{&quot;content_width&quot;:&quot;full&quot;}\">\n\t\t\t\t<div class=\"elementor-element elementor-element-6e93652 elementor-widget elementor-widget-heading\" data-id=\"6e93652\" data-element_type=\"widget\" data-widget_type=\"heading.default\">\n\t\t\t\t<div class=\"elementor-widget-container\">\n\t\t\t<style>\/*! elementor - v3.12.1 - 02-04-2023 *\/\n.elementor-heading-title{padding:0;margin:0;line-height:1}.elementor-widget-heading .elementor-heading-title[class*=elementor-size-]>a{color:inherit;font-size:inherit;line-height:inherit}.elementor-widget-heading .elementor-heading-title.elementor-size-small{font-size:15px}.elementor-widget-heading .elementor-heading-title.elementor-size-medium{font-size:19px}.elementor-widget-heading .elementor-heading-title.elementor-size-large{font-size:29px}.elementor-widget-heading .elementor-heading-title.elementor-size-xl{font-size:39px}.elementor-widget-heading .elementor-heading-title.elementor-size-xxl{font-size:59px}<\/style><h1 class=\"elementor-heading-title elementor-size-default\">Wolontariat<\/h1>\t\t<\/div>\n\t\t\t\t<\/div>\n\t\t\t\t<div class=\"elementor-element elementor-element-948d2ca elementor-widget elementor-widget-text-editor\" data-id=\"948d2ca\" data-element_type=\"widget\" data-widget_type=\"text-editor.default\">\n\t\t\t\t<div class=\"elementor-widget-container\">\n\t\t\t<style>\/*! elementor - v3.12.1 - 02-04-2023 *\/\n.elementor-widget-text-editor.elementor-drop-cap-view-stacked .elementor-drop-cap{background-color:#69727d;color:#fff}.elementor-widget-text-editor.elementor-drop-cap-view-framed .elementor-drop-cap{color:#69727d;border:3px solid;background-color:transparent}.elementor-widget-text-editor:not(.elementor-drop-cap-view-default) .elementor-drop-cap{margin-top:8px}.elementor-widget-text-editor:not(.elementor-drop-cap-view-default) .elementor-drop-cap-letter{width:1em;height:1em}.elementor-widget-text-editor .elementor-drop-cap{float:left;text-align:center;line-height:1;font-size:50px}.elementor-widget-text-editor .elementor-drop-cap-letter{display:inline-block}<\/style>\t\t\t\t<p>Zapraszamy do wsp\u00f3\u0142pracy osoby, grupy biegowe, kluby, harcerzy i wszystkich, kt\u00f3rzy chc\u0105 nas wspom\u00f3c przed i\u00a0w\u00a0trakcie samego Festiwalu Biegowego ULTRA WAY.<\/p>\t\t\t\t\t\t<\/div>\n\t\t\t\t<\/div>\n\t\t\t\t<div class=\"elementor-element elementor-element-1aa671f elementor-widget elementor-widget-text-editor\" data-id=\"1aa671f\" data-element_type=\"widget\" data-widget_type=\"text-editor.default\">\n\t\t\t\t<div class=\"elementor-widget-container\">\n\t\t\t\t\t\t\t<p>Prosimy o kontakt na mail:<\/p>\t\t\t\t\t\t<\/div>\n\t\t\t\t<\/div>\n\t\t\t\t<div class=\"elementor-element elementor-element-2d0ab27 elementor-icon-list--layout-traditional elementor-list-item-link-full_width elementor-widget elementor-widget-icon-list\" data-id=\"2d0ab27\" data-element_type=\"widget\" data-widget_type=\"icon-list.default\">\n\t\t\t\t<div class=\"elementor-widget-container\">\n\t\t\t<link rel=\"stylesheet\" href=\"https:\/\/ultraway.qa.evostudio.pl\/wp-content\/uploads\/elementor\/css\/custom-widget-icon-list.min.css?ver=1687340069\">\t\t<ul class=\"elementor-icon-list-items\">\n\t\t\t\t\t\t\t<li class=\"elementor-icon-list-item\">\n\t\t\t\t\t\t\t\t\t\t\t<a href=\"mailto:wolontariat@ultra-way.pl\">\n\n\t\t\t\t\t\t\t\t\t\t\t\t<span class=\"elementor-icon-list-icon\">\n\t\t\t\t\t\t\t<svg xmlns=\"http:\/\/www.w3.org\/2000\/svg\" width=\"16\" height=\"13\" viewbox=\"0 0 16 13\" fill=\"none\"><path d=\"M2 2C1.71875 2 1.5 2.25 1.5 2.5V3.21875L6.875 7.625C7.53125 8.15625 8.4375 8.15625 9.09375 7.625L14.5 3.21875V2.5C14.5 2.25 14.25 2 14 2H2ZM1.5 5.15625V10.5C1.5 10.7812 1.71875 11 2 11H14C14.25 11 14.5 10.7812 14.5 10.5V5.15625L10.0625 8.78125C8.84375 9.78125 7.125 9.78125 5.9375 8.78125L1.5 5.15625ZM0 2.5C0 1.40625 0.875 0.5 2 0.5H14C15.0938 0.5 16 1.40625 16 2.5V10.5C16 11.625 15.0938 12.5 14 12.5H2C0.875 12.5 0 11.625 0 10.5V2.5Z\" fill=\"#FF682F\"><\/path><\/svg>\t\t\t\t\t\t<\/span>\n\t\t\t\t\t\t\t\t\t\t<span class=\"elementor-icon-list-text\">wolontariat@ultra-way.pl<\/span>\n\t\t\t\t\t\t\t\t\t\t\t<\/a>\n\t\t\t\t\t\t\t\t\t<\/li>\n\t\t\t\t\t\t<\/ul>\n\t\t\t\t<\/div>\n\t\t\t\t<\/div>\n\t\t\t\t<\/div>\n\t\t<div class=\"elementor-element elementor-element-8a9622e e-con-full e-con\" data-id=\"8a9622e\" data-element_type=\"container\" data-settings=\"{&quot;content_width&quot;:&quot;full&quot;}\">\n\t\t\t\t<div class=\"elementor-element elementor-element-6f082a6 elementor-widget elementor-widget-image\" data-id=\"6f082a6\" data-element_type=\"widget\" data-widget_type=\"image.default\">\n\t\t\t\t<div class=\"elementor-widget-container\">\n\t\t\t<style>\/*! elementor - v3.12.1 - 02-04-2023 *\/\n.elementor-widget-image{text-align:center}.elementor-widget-image a{display:inline-block}.elementor-widget-image a img[src$=\".svg\"]{width:48px}.elementor-widget-image img{vertical-align:middle;display:inline-block}<\/style>\t\t\t\t\t\t\t\t\t\t\t\t<img loading=\"lazy\" decoding=\"async\" width=\"624\" height=\"388\" src=\"https:\/\/ultraway.qa.evostudio.pl\/wp-content\/uploads\/2023\/04\/wolontariat.jpg\" class=\"attachment-medium_large size-medium_large wp-image-472\" alt=\"\" srcset=\"https:\/\/ultraway.qa.evostudio.pl\/wp-content\/uploads\/2023\/04\/wolontariat.jpg 624w, https:\/\/ultraway.qa.evostudio.pl\/wp-content\/uploads\/2023\/04\/wolontariat-300x187.jpg 300w\" sizes=\"auto, (max-width: 624px) 100vw, 624px\" \/>\t\t\t\t\t\t\t\t\t\t\t\t\t\t\t<\/div>\n\t\t\t\t<\/div>\n\t\t\t\t<\/div>\n\t\t\t\t\t<\/div>\n\t\t\t\t<\/div>\n\t\t<div class=\"elementor-element elementor-element-30ec5b1 e-con-boxed e-con\" data-id=\"30ec5b1\" data-element_type=\"container\" data-settings=\"{&quot;background_background&quot;:&quot;classic&quot;,&quot;content_width&quot;:&quot;boxed&quot;}\">\n\t\t\t\t\t<div class=\"e-con-inner\">\n\t\t<div class=\"elementor-element elementor-element-7d0bafb e-con-full e-con\" data-id=\"7d0bafb\" data-element_type=\"container\" data-settings=\"{&quot;content_width&quot;:&quot;full&quot;}\">\n\t\t\t\t<div class=\"elementor-element elementor-element-ea2bc09 elementor-widget elementor-widget-heading\" data-id=\"ea2bc09\" data-element_type=\"widget\" data-widget_type=\"heading.default\">\n\t\t\t\t<div class=\"elementor-widget-container\">\n\t\t\t<p class=\"elementor-heading-title elementor-size-default\">Rejestracja na wolontariat Zimowy Festiwal Biegowy ULTRA WAY<\/p>\t\t<\/div>\n\t\t\t\t<\/div>\n\t\t\t\t<div class=\"elementor-element elementor-element-56631bb elementor-widget elementor-widget-image\" data-id=\"56631bb\" data-element_type=\"widget\" data-widget_type=\"image.default\">\n\t\t\t\t<div class=\"elementor-widget-container\">\n\t\t\t\t\t\t\t\t\t\t\t\t\t\t\t<img loading=\"lazy\" decoding=\"async\" width=\"624\" height=\"109\" src=\"https:\/\/ultraway.qa.evostudio.pl\/wp-content\/uploads\/2023\/04\/zimowy-festival-biegowy-baner.jpg\" class=\"attachment-large size-large wp-image-475\" alt=\"\" srcset=\"https:\/\/ultraway.qa.evostudio.pl\/wp-content\/uploads\/2023\/04\/zimowy-festival-biegowy-baner.jpg 624w, https:\/\/ultraway.qa.evostudio.pl\/wp-content\/uploads\/2023\/04\/zimowy-festival-biegowy-baner-300x52.jpg 300w\" sizes=\"auto, (max-width: 624px) 100vw, 624px\" \/>\t\t\t\t\t\t\t\t\t\t\t\t\t\t\t<\/div>\n\t\t\t\t<\/div>\n\t\t\t\t<div class=\"elementor-element elementor-element-bb8f04b elementor-widget elementor-widget-button\" data-id=\"bb8f04b\" data-element_type=\"widget\" data-widget_type=\"button.default\">\n\t\t\t\t<div class=\"elementor-widget-container\">\n\t\t\t\t\t<div class=\"elementor-button-wrapper\">\n\t\t\t<a href=\"https:\/\/ultraway.qa.evostudio.pl\/en\/zimowy-festiwal-biegowy-ultra-way\/\" class=\"elementor-button-link elementor-button elementor-size-sm\" role=\"button\">\n\t\t\t\t\t\t<span class=\"elementor-button-content-wrapper\">\n\t\t\t\t\t\t<span class=\"elementor-button-text\">Zarejestruj si\u0119<\/span>\n\t\t<\/span>\n\t\t\t\t\t<\/a>\n\t\t<\/div>\n\t\t\t\t<\/div>\n\t\t\t\t<\/div>\n\t\t\t\t<\/div>\n\t\t<div class=\"elementor-element elementor-element-8aa7278 e-con-full e-con\" data-id=\"8aa7278\" data-element_type=\"container\" data-settings=\"{&quot;content_width&quot;:&quot;full&quot;}\">\n\t\t\t\t<div class=\"elementor-element elementor-element-a80c63e elementor-widget elementor-widget-heading\" data-id=\"a80c63e\" data-element_type=\"widget\" data-widget_type=\"heading.default\">\n\t\t\t\t<div class=\"elementor-widget-container\">\n\t\t\t<p class=\"elementor-heading-title elementor-size-default\">Rejestracja na wolontariat Wiosenny Festiwal Biegowy ULTRA WAY<\/p>\t\t<\/div>\n\t\t\t\t<\/div>\n\t\t\t\t<div class=\"elementor-element elementor-element-a9a5da6 elementor-widget elementor-widget-image\" data-id=\"a9a5da6\" data-element_type=\"widget\" data-widget_type=\"image.default\">\n\t\t\t\t<div class=\"elementor-widget-container\">\n\t\t\t\t\t\t\t\t\t\t\t\t\t\t\t<img loading=\"lazy\" decoding=\"async\" width=\"624\" height=\"109\" src=\"https:\/\/ultraway.qa.evostudio.pl\/wp-content\/uploads\/2023\/04\/letni-festival-biegowy-baner.jpg\" class=\"attachment-large size-large wp-image-474\" alt=\"\" srcset=\"https:\/\/ultraway.qa.evostudio.pl\/wp-content\/uploads\/2023\/04\/letni-festival-biegowy-baner.jpg 624w, https:\/\/ultraway.qa.evostudio.pl\/wp-content\/uploads\/2023\/04\/letni-festival-biegowy-baner-300x52.jpg 300w\" sizes=\"auto, (max-width: 624px) 100vw, 624px\" \/>\t\t\t\t\t\t\t\t\t\t\t\t\t\t\t<\/div>\n\t\t\t\t<\/div>\n\t\t\t\t<div class=\"elementor-element elementor-element-4907750 elementor-widget elementor-widget-button\" data-id=\"4907750\" data-element_type=\"widget\" data-widget_type=\"button.default\">\n\t\t\t\t<div class=\"elementor-widget-container\">\n\t\t\t\t\t<div class=\"elementor-button-wrapper\">\n\t\t\t<a href=\"https:\/\/forms.gle\/Y9vPQpebD3pg5iTf9%20\" target=\"_blank\" class=\"elementor-button-link elementor-button elementor-size-sm\" role=\"button\">\n\t\t\t\t\t\t<span class=\"elementor-button-content-wrapper\">\n\t\t\t\t\t\t<span class=\"elementor-button-text\">Zarejestruj si\u0119<\/span>\n\t\t<\/span>\n\t\t\t\t\t<\/a>\n\t\t<\/div>\n\t\t\t\t<\/div>\n\t\t\t\t<\/div>\n\t\t\t\t<\/div>\n\t\t\t\t\t<\/div>\n\t\t\t\t<\/div>\n\t\t\t\t\t\t\t<\/div>","protected":false},"excerpt":{"rendered":"<p>Wolontariat Zapraszamy do wsp\u00f3\u0142pracy osoby, grupy biegowe, kluby, harcerzy i wszystkich, kt\u00f3rzy chc\u0105 nas wspom\u00f3c przed i\u00a0w\u00a0trakcie samego Festiwalu Biegowego ULTRA WAY. Prosimy o kontakt na mail: wolontariat@ultra-way.pl Rejestracja na wolontariat Zimowy Festiwal Biegowy ULTRA WAY Zarejestruj si\u0119 Rejestracja na wolontariat Wiosenny Festiwal Biegowy ULTRA WAY Zarejestruj si\u0119<\/p>","protected":false},"author":2,"featured_media":0,"parent":0,"menu_order":0,"comment_status":"closed","ping_status":"closed","template":"","meta":{"footnotes":""},"class_list":["post-469","page","type-page","status-publish","hentry","entry"],"acf":[],"yoast_head":"<!-- This site is optimized with the Yoast SEO plugin v20.4 - https:\/\/yoast.com\/wordpress\/plugins\/seo\/ -->\n<title>Wolontariat - Ultra-Way 2023<\/title>\n<meta name=\"robots\" content=\"noindex, follow, max-snippet:-1, max-image-preview:large, max-video-preview:-1\" \/>\n<meta property=\"og:locale\" content=\"en_GB\" \/>\n<meta property=\"og:type\" content=\"article\" \/>\n<meta property=\"og:title\" content=\"Wolontariat - Ultra-Way 2023\" \/>\n<meta property=\"og:description\" content=\"Wolontariat Zapraszamy do wsp\u00f3\u0142pracy osoby, grupy biegowe, kluby, harcerzy i wszystkich, kt\u00f3rzy chc\u0105 nas wspom\u00f3c przed i\u00a0w\u00a0trakcie samego Festiwalu Biegowego ULTRA WAY. Prosimy o kontakt na mail: wolontariat@ultra-way.pl Rejestracja na wolontariat Zimowy Festiwal Biegowy ULTRA WAY Zarejestruj si\u0119 Rejestracja na wolontariat Wiosenny Festiwal Biegowy ULTRA WAY Zarejestruj si\u0119\" \/>\n<meta property=\"og:url\" content=\"https:\/\/ultraway.qa.evostudio.pl\/en\/wolontariat\/\" \/>\n<meta property=\"og:site_name\" content=\"Ultra-Way 2023\" \/>\n<meta property=\"article:modified_time\" content=\"2023-05-05T14:19:11+00:00\" \/>\n<meta property=\"og:image\" content=\"https:\/\/ultraway.qa.evostudio.pl\/wp-content\/uploads\/2023\/04\/wolontariat.jpg\" \/>\n<meta name=\"twitter:card\" content=\"summary_large_image\" \/>\n<meta name=\"twitter:label1\" content=\"Estimated reading time\" \/>\n\t<meta name=\"twitter:data1\" content=\"1 minute\" \/>\n<script type=\"application\/ld+json\" class=\"yoast-schema-graph\">{\"@context\":\"https:\/\/schema.org\",\"@graph\":[{\"@type\":\"WebPage\",\"@id\":\"https:\/\/ultraway.qa.evostudio.pl\/wolontariat\/\",\"url\":\"https:\/\/ultraway.qa.evostudio.pl\/wolontariat\/\",\"name\":\"Wolontariat - Ultra-Way 2023\",\"isPartOf\":{\"@id\":\"https:\/\/ultraway.qa.evostudio.pl\/#website\"},\"datePublished\":\"2023-04-17T13:44:02+00:00\",\"dateModified\":\"2023-05-05T14:19:11+00:00\",\"breadcrumb\":{\"@id\":\"https:\/\/ultraway.qa.evostudio.pl\/wolontariat\/#breadcrumb\"},\"inLanguage\":\"en-GB\",\"potentialAction\":[{\"@type\":\"ReadAction\",\"target\":[\"https:\/\/ultraway.qa.evostudio.pl\/wolontariat\/\"]}]},{\"@type\":\"BreadcrumbList\",\"@id\":\"https:\/\/ultraway.qa.evostudio.pl\/wolontariat\/#breadcrumb\",\"itemListElement\":[{\"@type\":\"ListItem\",\"position\":1,\"name\":\"Strona g\u0142\u00f3wna\",\"item\":\"https:\/\/ultraway.qa.evostudio.pl\/\"},{\"@type\":\"ListItem\",\"position\":2,\"name\":\"Wolontariat\"}]},{\"@type\":\"WebSite\",\"@id\":\"https:\/\/ultraway.qa.evostudio.pl\/#website\",\"url\":\"https:\/\/ultraway.qa.evostudio.pl\/\",\"name\":\"Ultra-Way 2023\",\"description\":\"\",\"publisher\":{\"@id\":\"https:\/\/ultraway.qa.evostudio.pl\/#organization\"},\"potentialAction\":[{\"@type\":\"SearchAction\",\"target\":{\"@type\":\"EntryPoint\",\"urlTemplate\":\"https:\/\/ultraway.qa.evostudio.pl\/?s={search_term_string}\"},\"query-input\":\"required name=search_term_string\"}],\"inLanguage\":\"en-GB\"},{\"@type\":\"Organization\",\"@id\":\"https:\/\/ultraway.qa.evostudio.pl\/#organization\",\"name\":\"Ultra-Way 2023\",\"url\":\"https:\/\/ultraway.qa.evostudio.pl\/\",\"logo\":{\"@type\":\"ImageObject\",\"inLanguage\":\"en-GB\",\"@id\":\"https:\/\/ultraway.qa.evostudio.pl\/#\/schema\/logo\/image\/\",\"url\":\"https:\/\/ultraway.qa.evostudio.pl\/wp-content\/uploads\/2023\/04\/logo.png\",\"contentUrl\":\"https:\/\/ultraway.qa.evostudio.pl\/wp-content\/uploads\/2023\/04\/logo.png\",\"width\":228,\"height\":75,\"caption\":\"Ultra-Way 2023\"},\"image\":{\"@id\":\"https:\/\/ultraway.qa.evostudio.pl\/#\/schema\/logo\/image\/\"}}]}<\/script>\n<!-- \/ Yoast SEO plugin. -->","yoast_head_json":{"title":"Wolontariat - Ultra-Way 2023","robots":{"index":"noindex","follow":"follow","max-snippet":"max-snippet:-1","max-image-preview":"max-image-preview:large","max-video-preview":"max-video-preview:-1"},"og_locale":"en_GB","og_type":"article","og_title":"Wolontariat - Ultra-Way 2023","og_description":"Wolontariat Zapraszamy do wsp\u00f3\u0142pracy osoby, grupy biegowe, kluby, harcerzy i wszystkich, kt\u00f3rzy chc\u0105 nas wspom\u00f3c przed i\u00a0w\u00a0trakcie samego Festiwalu Biegowego ULTRA WAY. Prosimy o kontakt na mail: wolontariat@ultra-way.pl Rejestracja na wolontariat Zimowy Festiwal Biegowy ULTRA WAY Zarejestruj si\u0119 Rejestracja na wolontariat Wiosenny Festiwal Biegowy ULTRA WAY Zarejestruj si\u0119","og_url":"https:\/\/ultraway.qa.evostudio.pl\/en\/wolontariat\/","og_site_name":"Ultra-Way 2023","article_modified_time":"2023-05-05T14:19:11+00:00","og_image":[{"url":"https:\/\/ultraway.qa.evostudio.pl\/wp-content\/uploads\/2023\/04\/wolontariat.jpg"}],"twitter_card":"summary_large_image","twitter_misc":{"Estimated reading time":"1 minute"},"schema":{"@context":"https:\/\/schema.org","@graph":[{"@type":"WebPage","@id":"https:\/\/ultraway.qa.evostudio.pl\/wolontariat\/","url":"https:\/\/ultraway.qa.evostudio.pl\/wolontariat\/","name":"Wolontariat - Ultra-Way 2023","isPartOf":{"@id":"https:\/\/ultraway.qa.evostudio.pl\/#website"},"datePublished":"2023-04-17T13:44:02+00:00","dateModified":"2023-05-05T14:19:11+00:00","breadcrumb":{"@id":"https:\/\/ultraway.qa.evostudio.pl\/wolontariat\/#breadcrumb"},"inLanguage":"en-GB","potentialAction":[{"@type":"ReadAction","target":["https:\/\/ultraway.qa.evostudio.pl\/wolontariat\/"]}]},{"@type":"BreadcrumbList","@id":"https:\/\/ultraway.qa.evostudio.pl\/wolontariat\/#breadcrumb","itemListElement":[{"@type":"ListItem","position":1,"name":"Strona g\u0142\u00f3wna","item":"https:\/\/ultraway.qa.evostudio.pl\/"},{"@type":"ListItem","position":2,"name":"Wolontariat"}]},{"@type":"WebSite","@id":"https:\/\/ultraway.qa.evostudio.pl\/#website","url":"https:\/\/ultraway.qa.evostudio.pl\/","name":"Ultra-Way 2023","description":"","publisher":{"@id":"https:\/\/ultraway.qa.evostudio.pl\/#organization"},"potentialAction":[{"@type":"SearchAction","target":{"@type":"EntryPoint","urlTemplate":"https:\/\/ultraway.qa.evostudio.pl\/?s={search_term_string}"},"query-input":"required name=search_term_string"}],"inLanguage":"en-GB"},{"@type":"Organization","@id":"https:\/\/ultraway.qa.evostudio.pl\/#organization","name":"Ultra-Way 2023","url":"https:\/\/ultraway.qa.evostudio.pl\/","logo":{"@type":"ImageObject","inLanguage":"en-GB","@id":"https:\/\/ultraway.qa.evostudio.pl\/#\/schema\/logo\/image\/","url":"https:\/\/ultraway.qa.evostudio.pl\/wp-content\/uploads\/2023\/04\/logo.png","contentUrl":"https:\/\/ultraway.qa.evostudio.pl\/wp-content\/uploads\/2023\/04\/logo.png","width":228,"height":75,"caption":"Ultra-Way 2023"},"image":{"@id":"https:\/\/ultraway.qa.evostudio.pl\/#\/schema\/logo\/image\/"}}]}},"_links":{"self":[{"href":"https:\/\/ultraway.qa.evostudio.pl\/en\/wp-json\/wp\/v2\/pages\/469","targetHints":{"allow":["GET"]}}],"collection":[{"href":"https:\/\/ultraway.qa.evostudio.pl\/en\/wp-json\/wp\/v2\/pages"}],"about":[{"href":"https:\/\/ultraway.qa.evostudio.pl\/en\/wp-json\/wp\/v2\/types\/page"}],"author":[{"embeddable":true,"href":"https:\/\/ultraway.qa.evostudio.pl\/en\/wp-json\/wp\/v2\/users\/2"}],"replies":[{"embeddable":true,"href":"https:\/\/ultraway.qa.evostudio.pl\/en\/wp-json\/wp\/v2\/comments?post=469"}],"version-history":[{"count":22,"href":"https:\/\/ultraway.qa.evostudio.pl\/en\/wp-json\/wp\/v2\/pages\/469\/revisions"}],"predecessor-version":[{"id":896,"href":"https:\/\/ultraway.qa.evostudio.pl\/en\/wp-json\/wp\/v2\/pages\/469\/revisions\/896"}],"wp:attachment":[{"href":"https:\/\/ultraway.qa.evostudio.pl\/en\/wp-json\/wp\/v2\/media?parent=469"}],"curies":[{"name":"wp","href":"https:\/\/api.w.org\/{rel}","templated":true}]}}