{"id":481,"date":"2023-04-18T09:34:44","date_gmt":"2023-04-18T07:34:44","guid":{"rendered":"https:\/\/ultraway.qa.evostudio.pl\/?page_id=481"},"modified":"2023-06-14T22:36:06","modified_gmt":"2023-06-14T20:36:06","slug":"do-pobrania","status":"publish","type":"page","link":"https:\/\/ultraway.qa.evostudio.pl\/en\/zimowy-festiwal-biegowy-ultra-way\/do-pobrania\/","title":{"rendered":"Do pobrania"},"content":{"rendered":"<div data-elementor-type=\"wp-page\" data-elementor-id=\"481\" class=\"elementor elementor-481\">\n\t\t\t\t\t\t\t<div class=\"elementor-element elementor-element-b706459 e-con-boxed e-con\" data-id=\"b706459\" data-element_type=\"container\" data-settings=\"{&quot;content_width&quot;:&quot;boxed&quot;}\">\n\t\t\t\t\t<div class=\"e-con-inner\">\n\t\t\t\t<div class=\"elementor-element elementor-element-6e93652 elementor-widget elementor-widget-heading\" data-id=\"6e93652\" data-element_type=\"widget\" data-widget_type=\"heading.default\">\n\t\t\t\t<div class=\"elementor-widget-container\">\n\t\t\t<style>\/*! elementor - v3.12.1 - 02-04-2023 *\/\n.elementor-heading-title{padding:0;margin:0;line-height:1}.elementor-widget-heading .elementor-heading-title[class*=elementor-size-]>a{color:inherit;font-size:inherit;line-height:inherit}.elementor-widget-heading .elementor-heading-title.elementor-size-small{font-size:15px}.elementor-widget-heading .elementor-heading-title.elementor-size-medium{font-size:19px}.elementor-widget-heading .elementor-heading-title.elementor-size-large{font-size:29px}.elementor-widget-heading .elementor-heading-title.elementor-size-xl{font-size:39px}.elementor-widget-heading .elementor-heading-title.elementor-size-xxl{font-size:59px}<\/style><h1 class=\"elementor-heading-title elementor-size-default\">Patronat medialny<\/h1>\t\t<\/div>\n\t\t\t\t<\/div>\n\t\t\t\t\t<\/div>\n\t\t\t\t<\/div>\n\t\t<div class=\"elementor-element elementor-element-aa7cc45 download-wrapper e-con-boxed e-con\" data-id=\"aa7cc45\" data-element_type=\"container\" data-settings=\"{&quot;content_width&quot;:&quot;boxed&quot;}\">\n\t\t\t\t\t<div class=\"e-con-inner\">\n\t\t<div class=\"elementor-element elementor-element-42c845f e-con-full e-con\" data-id=\"42c845f\" data-element_type=\"container\" data-settings=\"{&quot;content_width&quot;:&quot;full&quot;}\">\n\t\t\t\t<div class=\"elementor-element elementor-element-7cc2cd2 elementor-widget elementor-widget-heading\" data-id=\"7cc2cd2\" data-element_type=\"widget\" data-widget_type=\"heading.default\">\n\t\t\t\t<div class=\"elementor-widget-container\">\n\t\t\t<h2 class=\"elementor-heading-title elementor-size-default\">Aktualne \u015blady trasy<\/h2>\t\t<\/div>\n\t\t\t\t<\/div>\n\t\t\t\t<div class=\"elementor-element elementor-element-c30637f elementor-widget elementor-widget-text-editor\" data-id=\"c30637f\" data-element_type=\"widget\" data-widget_type=\"text-editor.default\">\n\t\t\t\t<div class=\"elementor-widget-container\">\n\t\t\t<style>\/*! elementor - v3.12.1 - 02-04-2023 *\/\n.elementor-widget-text-editor.elementor-drop-cap-view-stacked .elementor-drop-cap{background-color:#69727d;color:#fff}.elementor-widget-text-editor.elementor-drop-cap-view-framed .elementor-drop-cap{color:#69727d;border:3px solid;background-color:transparent}.elementor-widget-text-editor:not(.elementor-drop-cap-view-default) .elementor-drop-cap{margin-top:8px}.elementor-widget-text-editor:not(.elementor-drop-cap-view-default) .elementor-drop-cap-letter{width:1em;height:1em}.elementor-widget-text-editor .elementor-drop-cap{float:left;text-align:center;line-height:1;font-size:50px}.elementor-widget-text-editor .elementor-drop-cap-letter{display:inline-block}<\/style>\t\t\t\t<p><a href=\"https:\/\/drive.google.com\/file\/d\/1R0N2pYdWyx5hjRYEFI23dj-As35xQ1wa\/view?usp=drivesdk\" target=\"_blank\" rel=\"noopener\">Szybka sarna &#8211; 10 km+<\/a><\/p><p><a href=\"https:\/\/drive.google.com\/file\/d\/1horwBFdXiFUJZYROwX_TsLFFVeIRVY_M\/view?usp=drivesdk\" target=\"_blank\" rel=\"noopener\">P\u00f3\u0142 dzika &#8211; 26 km+<\/a><\/p><p><a href=\"https:\/\/drive.google.com\/file\/d\/1aHZFQu3GB3McZ2ikDR_XENhRppn0q4n8\/view?usp=drivesdk\" target=\"_blank\" rel=\"noopener\">Tropem rysia &#8211; 56 km+<\/a><\/p><p><a href=\"https:\/\/drive.google.com\/file\/d\/14aWwrncAkc4WbyzpnSpFeDUAjDz7rjv0\/view?usp=drivesdk\" target=\"_blank\" rel=\"noopener\">Nocny jele\u0144 &#8211; 76 km+<\/a><\/p><p>Ca\u0142y katalog\u00a0<a href=\"https:\/\/drive.google.com\/drive\/folders\/1AuTpwqKpgB_QMPzPsP-W3T_9mJ-34GRn\" target=\"_blank\" rel=\"noopener\">tutaj<\/a><\/p>\t\t\t\t\t\t<\/div>\n\t\t\t\t<\/div>\n\t\t\t\t<div class=\"elementor-element elementor-element-333a7b1 elementor-widget elementor-widget-heading\" data-id=\"333a7b1\" data-element_type=\"widget\" data-widget_type=\"heading.default\">\n\t\t\t\t<div class=\"elementor-widget-container\">\n\t\t\t<h2 class=\"elementor-heading-title elementor-size-default\">Mapy pdf<\/h2>\t\t<\/div>\n\t\t\t\t<\/div>\n\t\t\t\t<div class=\"elementor-element elementor-element-084339f elementor-widget elementor-widget-text-editor\" data-id=\"084339f\" data-element_type=\"widget\" data-widget_type=\"text-editor.default\">\n\t\t\t\t<div class=\"elementor-widget-container\">\n\t\t\t\t\t\t\t<p><a href=\"https:\/\/drive.google.com\/file\/d\/11u_DdN4poX0jyuQGex-jT4ki43G8hKw6\/view?usp=share_link\" target=\"_blank\" rel=\"noopener\">Szybka Sarna \u2013 10 km+<\/a><\/p><p><a href=\"https:\/\/drive.google.com\/file\/d\/1LvqT_XL30mp-0ndI_b6om0X8t9LmtAV_\/view?usp=sharing\" target=\"_blank\" rel=\"noopener\">P\u00f3\u0142 Dzika \u2013 27 km+<\/a><\/p><p><a href=\"https:\/\/drive.google.com\/file\/d\/16G9lhHvsrsUGv9t3zjLE5FZtjOu6Zt9f\/view?usp=share_link\" target=\"_blank\" rel=\"noopener\">Tropem Rysia \u2013 54 km+<\/a><\/p><p><a href=\"https:\/\/drive.google.com\/file\/d\/1rJrfsNFKg8BBqemxFwQn99RS2U737id5\/view?usp=share_link\" target=\"_blank\" rel=\"noopener\">Nocny Jele\u0144 \u2013 76 km+<\/a><\/p>\t\t\t\t\t\t<\/div>\n\t\t\t\t<\/div>\n\t\t\t\t<div class=\"elementor-element elementor-element-ab8e79e elementor-widget elementor-widget-heading\" data-id=\"ab8e79e\" data-element_type=\"widget\" data-widget_type=\"heading.default\">\n\t\t\t\t<div class=\"elementor-widget-container\">\n\t\t\t<h2 class=\"elementor-heading-title elementor-size-default\">Komunikat Startowy<\/h2>\t\t<\/div>\n\t\t\t\t<\/div>\n\t\t\t\t<div class=\"elementor-element elementor-element-814ec71 elementor-widget elementor-widget-text-editor\" data-id=\"814ec71\" data-element_type=\"widget\" data-widget_type=\"text-editor.default\">\n\t\t\t\t<div class=\"elementor-widget-container\">\n\t\t\t\t\t\t\t<p>Zobacz<\/p>\t\t\t\t\t\t<\/div>\n\t\t\t\t<\/div>\n\t\t\t\t<\/div>\n\t\t<div class=\"elementor-element elementor-element-741a7e9 e-con-full e-con\" data-id=\"741a7e9\" data-element_type=\"container\" data-settings=\"{&quot;content_width&quot;:&quot;full&quot;}\">\n\t\t\t\t<div class=\"elementor-element elementor-element-ae634da elementor-widget elementor-widget-heading\" data-id=\"ae634da\" data-element_type=\"widget\" data-widget_type=\"heading.default\">\n\t\t\t\t<div class=\"elementor-widget-container\">\n\t\t\t<h2 class=\"elementor-heading-title elementor-size-default\">Dokumenty do pobrania<\/h2>\t\t<\/div>\n\t\t\t\t<\/div>\n\t\t\t\t<div class=\"elementor-element elementor-element-3f0769c elementor-widget elementor-widget-text-editor\" data-id=\"3f0769c\" data-element_type=\"widget\" data-widget_type=\"text-editor.default\">\n\t\t\t\t<div class=\"elementor-widget-container\">\n\t\t\t\t\t\t\t<p><a href=\"https:\/\/drive.google.com\/file\/d\/1AgHHNwgBJ7ozoFp1cFDuEyNmj-BPiFrp\/view?usp=share_link\" target=\"_blank\" rel=\"noopener\">POROZUMIENIE O WSP\u00d3\u0141PRACY Z WOLONTARIUSZEM<\/a><\/p><p><a href=\"https:\/\/drive.google.com\/file\/d\/1LPBjPa49SmOxUMTiZnGbWDtX8Lr_8HU9\/view?usp=share_link\" target=\"_blank\" rel=\"noopener\">UPOWA\u017bNIENIE DO ODBIORU PAKIETU<\/a><\/p><p><a href=\"https:\/\/drive.google.com\/file\/d\/11_MynEeN5wHmbXL7rp9w-AVOhYovsdb0\/view?usp=share_link\" target=\"_blank\" rel=\"noopener\">WOLONTARIAT \u2013 ZGODA RODZICA, OPIEKUNA PRAWNEGO<\/a><\/p>\t\t\t\t\t\t<\/div>\n\t\t\t\t<\/div>\n\t\t\t\t<div class=\"elementor-element elementor-element-85c5362 elementor-widget elementor-widget-heading\" data-id=\"85c5362\" data-element_type=\"widget\" data-widget_type=\"heading.default\">\n\t\t\t\t<div class=\"elementor-widget-container\">\n\t\t\t<h2 class=\"elementor-heading-title elementor-size-default\">Wolontariat<\/h2>\t\t<\/div>\n\t\t\t\t<\/div>\n\t\t\t\t<div class=\"elementor-element elementor-element-7ecbe18 elementor-widget elementor-widget-text-editor\" data-id=\"7ecbe18\" data-element_type=\"widget\" data-widget_type=\"text-editor.default\">\n\t\t\t\t<div class=\"elementor-widget-container\">\n\t\t\t\t\t\t\t<p><a href=\"https:\/\/docs.google.com\/forms\/d\/e\/1FAIpQLSfDA2tDBXMQEEPwJyc6QNfUX56sKaf50ruFP_pFhFpzvbxGdw\/viewform?usp=sf_link\" target=\"_blank\" rel=\"noopener\">Rejestracja<\/a><\/p>\t\t\t\t\t\t<\/div>\n\t\t\t\t<\/div>\n\t\t\t\t<\/div>\n\t\t\t\t\t<\/div>\n\t\t\t\t<\/div>\n\t\t\t\t\t\t\t<\/div>","protected":false},"excerpt":{"rendered":"<p>Patronat medialny Aktualne \u015blady trasy Szybka sarna &#8211; 10 km+ P\u00f3\u0142 dzika &#8211; 26 km+ Tropem rysia &#8211; 56 km+ Nocny jele\u0144 &#8211; 76 km+ Ca\u0142y katalog\u00a0tutaj Mapy pdf Szybka Sarna \u2013 10 km+ P\u00f3\u0142 Dzika \u2013 27 km+ Tropem Rysia \u2013 54 km+ Nocny Jele\u0144 \u2013 76 km+ Komunikat Startowy Zobacz Dokumenty do pobrania [&hellip;]<\/p>","protected":false},"author":2,"featured_media":0,"parent":305,"menu_order":0,"comment_status":"closed","ping_status":"closed","template":"","meta":{"footnotes":""},"class_list":["post-481","page","type-page","status-publish","hentry","entry"],"acf":[],"yoast_head":"<!-- This site is optimized with the Yoast SEO plugin v20.4 - https:\/\/yoast.com\/wordpress\/plugins\/seo\/ -->\n<title>Do pobrania - Ultra-Way 2023<\/title>\n<meta name=\"robots\" content=\"noindex, follow, max-snippet:-1, max-image-preview:large, max-video-preview:-1\" \/>\n<meta property=\"og:locale\" content=\"en_GB\" \/>\n<meta property=\"og:type\" content=\"article\" \/>\n<meta property=\"og:title\" content=\"Do pobrania - Ultra-Way 2023\" \/>\n<meta property=\"og:description\" content=\"Patronat medialny Aktualne \u015blady trasy Szybka sarna &#8211; 10 km+ P\u00f3\u0142 dzika &#8211; 26 km+ Tropem rysia &#8211; 56 km+ Nocny jele\u0144 &#8211; 76 km+ Ca\u0142y katalog\u00a0tutaj Mapy pdf Szybka Sarna \u2013 10 km+ P\u00f3\u0142 Dzika \u2013 27 km+ Tropem Rysia \u2013 54 km+ Nocny Jele\u0144 \u2013 76 km+ Komunikat Startowy Zobacz Dokumenty do pobrania [&hellip;]\" \/>\n<meta property=\"og:url\" content=\"https:\/\/ultraway.qa.evostudio.pl\/en\/zimowy-festiwal-biegowy-ultra-way\/do-pobrania\/\" \/>\n<meta property=\"og:site_name\" content=\"Ultra-Way 2023\" \/>\n<meta property=\"article:modified_time\" content=\"2023-06-14T20:36:06+00:00\" \/>\n<meta name=\"twitter:card\" content=\"summary_large_image\" \/>\n<meta name=\"twitter:label1\" content=\"Estimated reading time\" \/>\n\t<meta name=\"twitter:data1\" content=\"1 minute\" \/>\n<script type=\"application\/ld+json\" class=\"yoast-schema-graph\">{\"@context\":\"https:\/\/schema.org\",\"@graph\":[{\"@type\":\"WebPage\",\"@id\":\"https:\/\/ultraway.qa.evostudio.pl\/zimowy-festiwal-biegowy-ultra-way\/do-pobrania\/\",\"url\":\"https:\/\/ultraway.qa.evostudio.pl\/zimowy-festiwal-biegowy-ultra-way\/do-pobrania\/\",\"name\":\"Do pobrania - Ultra-Way 2023\",\"isPartOf\":{\"@id\":\"https:\/\/ultraway.qa.evostudio.pl\/#website\"},\"datePublished\":\"2023-04-18T07:34:44+00:00\",\"dateModified\":\"2023-06-14T20:36:06+00:00\",\"breadcrumb\":{\"@id\":\"https:\/\/ultraway.qa.evostudio.pl\/zimowy-festiwal-biegowy-ultra-way\/do-pobrania\/#breadcrumb\"},\"inLanguage\":\"en-GB\",\"potentialAction\":[{\"@type\":\"ReadAction\",\"target\":[\"https:\/\/ultraway.qa.evostudio.pl\/zimowy-festiwal-biegowy-ultra-way\/do-pobrania\/\"]}]},{\"@type\":\"BreadcrumbList\",\"@id\":\"https:\/\/ultraway.qa.evostudio.pl\/zimowy-festiwal-biegowy-ultra-way\/do-pobrania\/#breadcrumb\",\"itemListElement\":[{\"@type\":\"ListItem\",\"position\":1,\"name\":\"Strona g\u0142\u00f3wna\",\"item\":\"https:\/\/ultraway.qa.evostudio.pl\/\"},{\"@type\":\"ListItem\",\"position\":2,\"name\":\"Zimowy Festiwal Biegowy ULTRA WAY\",\"item\":\"https:\/\/ultraway.qa.evostudio.pl\/zimowy-festiwal-biegowy-ultra-way\/\"},{\"@type\":\"ListItem\",\"position\":3,\"name\":\"Do pobrania\"}]},{\"@type\":\"WebSite\",\"@id\":\"https:\/\/ultraway.qa.evostudio.pl\/#website\",\"url\":\"https:\/\/ultraway.qa.evostudio.pl\/\",\"name\":\"Ultra-Way 2023\",\"description\":\"\",\"publisher\":{\"@id\":\"https:\/\/ultraway.qa.evostudio.pl\/#organization\"},\"potentialAction\":[{\"@type\":\"SearchAction\",\"target\":{\"@type\":\"EntryPoint\",\"urlTemplate\":\"https:\/\/ultraway.qa.evostudio.pl\/?s={search_term_string}\"},\"query-input\":\"required name=search_term_string\"}],\"inLanguage\":\"en-GB\"},{\"@type\":\"Organization\",\"@id\":\"https:\/\/ultraway.qa.evostudio.pl\/#organization\",\"name\":\"Ultra-Way 2023\",\"url\":\"https:\/\/ultraway.qa.evostudio.pl\/\",\"logo\":{\"@type\":\"ImageObject\",\"inLanguage\":\"en-GB\",\"@id\":\"https:\/\/ultraway.qa.evostudio.pl\/#\/schema\/logo\/image\/\",\"url\":\"https:\/\/ultraway.qa.evostudio.pl\/wp-content\/uploads\/2023\/04\/logo.png\",\"contentUrl\":\"https:\/\/ultraway.qa.evostudio.pl\/wp-content\/uploads\/2023\/04\/logo.png\",\"width\":228,\"height\":75,\"caption\":\"Ultra-Way 2023\"},\"image\":{\"@id\":\"https:\/\/ultraway.qa.evostudio.pl\/#\/schema\/logo\/image\/\"}}]}<\/script>\n<!-- \/ Yoast SEO plugin. -->","yoast_head_json":{"title":"Do pobrania - Ultra-Way 2023","robots":{"index":"noindex","follow":"follow","max-snippet":"max-snippet:-1","max-image-preview":"max-image-preview:large","max-video-preview":"max-video-preview:-1"},"og_locale":"en_GB","og_type":"article","og_title":"Do pobrania - Ultra-Way 2023","og_description":"Patronat medialny Aktualne \u015blady trasy Szybka sarna &#8211; 10 km+ P\u00f3\u0142 dzika &#8211; 26 km+ Tropem rysia &#8211; 56 km+ Nocny jele\u0144 &#8211; 76 km+ Ca\u0142y katalog\u00a0tutaj Mapy pdf Szybka Sarna \u2013 10 km+ P\u00f3\u0142 Dzika \u2013 27 km+ Tropem Rysia \u2013 54 km+ Nocny Jele\u0144 \u2013 76 km+ Komunikat Startowy Zobacz Dokumenty do pobrania [&hellip;]","og_url":"https:\/\/ultraway.qa.evostudio.pl\/en\/zimowy-festiwal-biegowy-ultra-way\/do-pobrania\/","og_site_name":"Ultra-Way 2023","article_modified_time":"2023-06-14T20:36:06+00:00","twitter_card":"summary_large_image","twitter_misc":{"Estimated reading time":"1 minute"},"schema":{"@context":"https:\/\/schema.org","@graph":[{"@type":"WebPage","@id":"https:\/\/ultraway.qa.evostudio.pl\/zimowy-festiwal-biegowy-ultra-way\/do-pobrania\/","url":"https:\/\/ultraway.qa.evostudio.pl\/zimowy-festiwal-biegowy-ultra-way\/do-pobrania\/","name":"Do pobrania - Ultra-Way 2023","isPartOf":{"@id":"https:\/\/ultraway.qa.evostudio.pl\/#website"},"datePublished":"2023-04-18T07:34:44+00:00","dateModified":"2023-06-14T20:36:06+00:00","breadcrumb":{"@id":"https:\/\/ultraway.qa.evostudio.pl\/zimowy-festiwal-biegowy-ultra-way\/do-pobrania\/#breadcrumb"},"inLanguage":"en-GB","potentialAction":[{"@type":"ReadAction","target":["https:\/\/ultraway.qa.evostudio.pl\/zimowy-festiwal-biegowy-ultra-way\/do-pobrania\/"]}]},{"@type":"BreadcrumbList","@id":"https:\/\/ultraway.qa.evostudio.pl\/zimowy-festiwal-biegowy-ultra-way\/do-pobrania\/#breadcrumb","itemListElement":[{"@type":"ListItem","position":1,"name":"Strona g\u0142\u00f3wna","item":"https:\/\/ultraway.qa.evostudio.pl\/"},{"@type":"ListItem","position":2,"name":"Zimowy Festiwal Biegowy ULTRA WAY","item":"https:\/\/ultraway.qa.evostudio.pl\/zimowy-festiwal-biegowy-ultra-way\/"},{"@type":"ListItem","position":3,"name":"Do pobrania"}]},{"@type":"WebSite","@id":"https:\/\/ultraway.qa.evostudio.pl\/#website","url":"https:\/\/ultraway.qa.evostudio.pl\/","name":"Ultra-Way 2023","description":"","publisher":{"@id":"https:\/\/ultraway.qa.evostudio.pl\/#organization"},"potentialAction":[{"@type":"SearchAction","target":{"@type":"EntryPoint","urlTemplate":"https:\/\/ultraway.qa.evostudio.pl\/?s={search_term_string}"},"query-input":"required name=search_term_string"}],"inLanguage":"en-GB"},{"@type":"Organization","@id":"https:\/\/ultraway.qa.evostudio.pl\/#organization","name":"Ultra-Way 2023","url":"https:\/\/ultraway.qa.evostudio.pl\/","logo":{"@type":"ImageObject","inLanguage":"en-GB","@id":"https:\/\/ultraway.qa.evostudio.pl\/#\/schema\/logo\/image\/","url":"https:\/\/ultraway.qa.evostudio.pl\/wp-content\/uploads\/2023\/04\/logo.png","contentUrl":"https:\/\/ultraway.qa.evostudio.pl\/wp-content\/uploads\/2023\/04\/logo.png","width":228,"height":75,"caption":"Ultra-Way 2023"},"image":{"@id":"https:\/\/ultraway.qa.evostudio.pl\/#\/schema\/logo\/image\/"}}]}},"_links":{"self":[{"href":"https:\/\/ultraway.qa.evostudio.pl\/en\/wp-json\/wp\/v2\/pages\/481","targetHints":{"allow":["GET"]}}],"collection":[{"href":"https:\/\/ultraway.qa.evostudio.pl\/en\/wp-json\/wp\/v2\/pages"}],"about":[{"href":"https:\/\/ultraway.qa.evostudio.pl\/en\/wp-json\/wp\/v2\/types\/page"}],"author":[{"embeddable":true,"href":"https:\/\/ultraway.qa.evostudio.pl\/en\/wp-json\/wp\/v2\/users\/2"}],"replies":[{"embeddable":true,"href":"https:\/\/ultraway.qa.evostudio.pl\/en\/wp-json\/wp\/v2\/comments?post=481"}],"version-history":[{"count":28,"href":"https:\/\/ultraway.qa.evostudio.pl\/en\/wp-json\/wp\/v2\/pages\/481\/revisions"}],"predecessor-version":[{"id":1112,"href":"https:\/\/ultraway.qa.evostudio.pl\/en\/wp-json\/wp\/v2\/pages\/481\/revisions\/1112"}],"up":[{"embeddable":true,"href":"https:\/\/ultraway.qa.evostudio.pl\/en\/wp-json\/wp\/v2\/pages\/305"}],"wp:attachment":[{"href":"https:\/\/ultraway.qa.evostudio.pl\/en\/wp-json\/wp\/v2\/media?parent=481"}],"curies":[{"name":"wp","href":"https:\/\/api.w.org\/{rel}","templated":true}]}}